{"id":15458,"date":"2025-11-03T11:17:18","date_gmt":"2025-11-03T11:17:18","guid":{"rendered":"https:\/\/care4bird.nl\/product\/protein-mix\/"},"modified":"2026-04-16T11:11:20","modified_gmt":"2026-04-16T11:11:20","slug":"protein-mix","status":"publish","type":"product","link":"https:\/\/care4bird.nl\/sv\/produkt\/protein-mix\/","title":{"rendered":"Protein Mix"},"content":{"rendered":"<div>\n<h6>Indikation:<\/h6>\n<\/div>\n<div>Denna rena form inneh\u00e5ller 65 % protein i vikt. Dessa proteiner hj\u00e4lper till att f\u00f6rhindra muskelnedbrytning och att ge glykogenreserver under tr\u00e4ning och flygningar. Samtidigt utg\u00f6r dessa proteiner en viktig k\u00e4lla till essentiella aminosyror och grenade aminosyror s\u00e5som valin, leucin och isoleucin. Dessa aminosyror finns i h\u00f6g grad i muskler och vid intensiv anstr\u00e4ngning kan muskelceller snabbt omvandla dessa tre aminosyror till energi. Essentiella aminosyror kan inte bildas av kroppen och m\u00e5ste tillf\u00f6ras via kosten. Proteink\u00e4llor som inneh\u00e5ller alla essentiella aminosyror kallas kompletta proteiner. PROTEIN MIX \u00e4r ett komplett protein och hj\u00e4lper d\u00e4rf\u00f6r till att tillf\u00f6ra alla essentiella aminosyror till f\u00e5glarna. Proteinbehovet beror p\u00e5 f\u00e5glarnas \u00e5lder, s\u00e4song och de prestationer som kr\u00e4vs.<\/div>\n<h6>Dosering:<\/h6>\n<div>Allm\u00e4n dos (blandat med yoghurt): Under t\u00e4vlingss\u00e4songen f\u00f6r snabb \u00e5terh\u00e4mtning och stora energireserver: 20 gram per kilo fuktat foder, direkt efter hemkomst i 3 dagar i rad.<\/div>\n<div>Under t\u00e4vlingss\u00e4songen f\u00f6r snabb \u00e5terh\u00e4mtning, h\u00f6g energi och stora reserver: 20 gram per kilo fuktat foder, direkt efter hemkomst i 3 dagar i rad.<\/div>\n<div>Under ruggning f\u00f6r friska och starka fj\u00e4drar: 20 gram per kilo fuktat foder, tv\u00e5 g\u00e5nger i veckan.<\/div>\n<div>Under avel f\u00f6r v\u00e4lutvecklade ungar: 20 gram per kilo fuktat foder, tv\u00e5 g\u00e5nger i veckan. En full m\u00e4tsked motsvarar ca 20 g produkt.<\/div>\n<h6>Inneh\u00e5ll:<\/h6>\n<div>500 g kostprodukt f\u00f6r sportduvor.<\/div>\n","protected":false},"excerpt":{"rendered":"<p>Indikation: Denna rena form inneh\u00e5ller 65 % protein i vikt. Dessa proteiner hj\u00e4lper till att f\u00f6rhindra muskelnedbrytning och att ge glykogenreserver under&hellip;<\/p>\n","protected":false},"featured_media":15459,"template":"","meta":[],"product_cat":[330,329],"product_tag":[],"class_list":{"0":"post-15458","1":"product","2":"type-product","3":"status-publish","4":"has-post-thumbnail","6":"product_cat-kosttillskott-for-duvor","7":"product_cat-kosttillskott-for-faglar","9":"first","10":"instock","11":"shipping-taxable","12":"product-type-simple"},"_links":{"self":[{"href":"https:\/\/care4bird.nl\/sv\/wp-json\/wp\/v2\/product\/15458","targetHints":{"allow":["GET"]}}],"collection":[{"href":"https:\/\/care4bird.nl\/sv\/wp-json\/wp\/v2\/product"}],"about":[{"href":"https:\/\/care4bird.nl\/sv\/wp-json\/wp\/v2\/types\/product"}],"wp:featuredmedia":[{"embeddable":true,"href":"https:\/\/care4bird.nl\/sv\/wp-json\/wp\/v2\/media\/15459"}],"wp:attachment":[{"href":"https:\/\/care4bird.nl\/sv\/wp-json\/wp\/v2\/media?parent=15458"}],"wp:term":[{"taxonomy":"product_cat","embeddable":true,"href":"https:\/\/care4bird.nl\/sv\/wp-json\/wp\/v2\/product_cat?post=15458"},{"taxonomy":"product_tag","embeddable":true,"href":"https:\/\/care4bird.nl\/sv\/wp-json\/wp\/v2\/product_tag?post=15458"}],"curies":[{"name":"wp","href":"https:\/\/api.w.org\/{rel}","templated":true}]}}