{"id":15465,"date":"2025-11-03T11:16:18","date_gmt":"2025-11-03T11:16:18","guid":{"rendered":"https:\/\/care4bird.nl\/product\/fast-form\/"},"modified":"2026-04-16T11:14:14","modified_gmt":"2026-04-16T11:14:14","slug":"fast-form","status":"publish","type":"product","link":"https:\/\/care4bird.nl\/sv\/produkt\/fast-form\/","title":{"rendered":"Fast Form"},"content":{"rendered":"<div>\n<h6>Indikation:<\/h6>\n<\/div>\n<div>F\u00f6r att f\u00f6rb\u00e4ttra prestationsf\u00f6rm\u00e5ga och desinficera dricksvattnet. H\u00f6gpresterande duvor kan inte bara ges spannm\u00e5l och vatten \u2013 f\u00e5glarna kommer att vara i toppform med FASTFORM!<\/div>\n<h6>Dosering:<\/h6>\n<div>\nF\u00f6r att f\u00f6rb\u00e4ttra prestation under t\u00e4vlingss\u00e4songen: varje dag 5 ml per 2\u20133 liter (2 ml\/liter) rent dricksvatten. Vid mycket varma dagar \u00f6ka vattenm\u00e4ngden till 5 liter. P\u00e5 flygdagen ges endast rent vatten! Under avel och ruggning: 5 ml per 5 liter (1 ml\/liter) rent dricksvatten 1\u20132 g\u00e5nger per vecka.\n<\/div>\n<div>\nF\u00f6r att desinficera vattenbeh\u00e5llare under resten av \u00e5ret: en g\u00e5ng per vecka 5 ml per 5 liter (1 ml\/liter) dricksvatten. Skaka f\u00f6re anv\u00e4ndning!\n<\/div>\n<div>\n<b>Viktigt:<\/b> anv\u00e4nd inte galvaniserade eller kopparbeh\u00e5llare. Beh\u00e5llare av rostfritt st\u00e5l kan anv\u00e4ndas.\n<\/div>\n<h6>Sammans\u00e4ttning (per 1000 ml produkt):<\/h6>\n<div>\nKobolt(II)sulfat 7H2O 60 mg<br \/>\nKaliumjodid 90.000 mg<br \/>\nNatriummolybdat 2H2O 20 mg<br \/>\nJ\u00e4rnammoniumcitrat 50.000 mg\n<\/div>\n<h4>Anteckningar<\/h4>\n<div>\n&#8211; F\u00f6rvaras torrt, skyddat fr\u00e5n direkt solljus, mellan 0\u201330 \u00b0C.<br \/>\n&#8211; H\u00e5llbarhet efter \u00f6ppning: ett (1) \u00e5r.<br \/>\n&#8211; Batchnummer och utg\u00e5ngsdatum: se f\u00f6rpackning.<br \/>\n&#8211; F\u00f6rvaras utom r\u00e4ckh\u00e5ll f\u00f6r barn.<br \/>\n&#8211; Endast f\u00f6r djurbruk. Ej f\u00f6r djur avsedda f\u00f6r livsmedelsproduktion.\n<\/div>\n","protected":false},"excerpt":{"rendered":"<p>Indikation: F\u00f6r att f\u00f6rb\u00e4ttra prestationsf\u00f6rm\u00e5ga och desinficera dricksvattnet. H\u00f6gpresterande duvor kan inte bara ges spannm\u00e5l och vatten \u2013 f\u00e5glarna kommer att vara&hellip;<\/p>\n","protected":false},"featured_media":15466,"template":"","meta":[],"product_cat":[330],"product_tag":[],"class_list":{"0":"post-15465","1":"product","2":"type-product","3":"status-publish","4":"has-post-thumbnail","6":"product_cat-kosttillskott-for-duvor","8":"first","9":"instock","10":"shipping-taxable","11":"product-type-simple"},"_links":{"self":[{"href":"https:\/\/care4bird.nl\/sv\/wp-json\/wp\/v2\/product\/15465","targetHints":{"allow":["GET"]}}],"collection":[{"href":"https:\/\/care4bird.nl\/sv\/wp-json\/wp\/v2\/product"}],"about":[{"href":"https:\/\/care4bird.nl\/sv\/wp-json\/wp\/v2\/types\/product"}],"wp:featuredmedia":[{"embeddable":true,"href":"https:\/\/care4bird.nl\/sv\/wp-json\/wp\/v2\/media\/15466"}],"wp:attachment":[{"href":"https:\/\/care4bird.nl\/sv\/wp-json\/wp\/v2\/media?parent=15465"}],"wp:term":[{"taxonomy":"product_cat","embeddable":true,"href":"https:\/\/care4bird.nl\/sv\/wp-json\/wp\/v2\/product_cat?post=15465"},{"taxonomy":"product_tag","embeddable":true,"href":"https:\/\/care4bird.nl\/sv\/wp-json\/wp\/v2\/product_tag?post=15465"}],"curies":[{"name":"wp","href":"https:\/\/api.w.org\/{rel}","templated":true}]}}