{"id":15469,"date":"2025-11-03T11:15:22","date_gmt":"2025-11-03T11:15:22","guid":{"rendered":"https:\/\/care4bird.nl\/product\/wonder-care\/"},"modified":"2026-04-16T11:15:48","modified_gmt":"2026-04-16T11:15:48","slug":"wonder-care","status":"publish","type":"product","link":"https:\/\/care4bird.nl\/sv\/produkt\/wonder-care\/","title":{"rendered":"Wonder Care"},"content":{"rendered":"<div>\nF\u00f6r f\u00f6rb\u00e4ttring av tarmh\u00e4lsan och f\u00f6rebyggande av bakterieinfektioner.<\/p>\n<p>Wonder Care har positiva effekter som m\u00e5nga andra produkter inte har. Det \u00e4r effektivt mot bakterieinfektioner, E. coli, Salmonella, men ocks\u00e5 mot problem med adenovirusinfektioner. Wonder Care f\u00f6rb\u00e4ttrar mikrofloran i magen och f\u00f6rhindrar att duvan f\u00e5r enterobakterieinfektion, vilket \u00e4r mycket viktigt efter kr\u00e4vande t\u00e4vlingar och stress.\n<\/p><\/div>\n<h6>Dosering och anv\u00e4ndningsanvisningar:<\/h6>\n<div>Uppf\u00f6dningsperiod och unga duvor f\u00f6r stark tillv\u00e4xt:<\/div>\n<div>1,5 ml \/ 1 l vatten: 1-2 g\u00e5nger per vecka<\/div>\n<div>T\u00e4vlingss\u00e4song:<\/div>\n<div>&#8211; Dagen efter ankomst: 1 ml \/ 1 l vatten<\/div>\n<div>&#8211; Dagen f\u00f6re utskick: 1 ml \/ 1 l vatten<\/div>\n<div>Ruggning och vinterperiod: 1,5 ml \/ 1 l vatten: 1-2 g\u00e5nger per vecka<\/div>\n","protected":false},"excerpt":{"rendered":"<p>F\u00f6r f\u00f6rb\u00e4ttring av tarmh\u00e4lsan och f\u00f6rebyggande av bakterieinfektioner. Wonder Care har positiva effekter som m\u00e5nga andra produkter inte har. Det \u00e4r effektivt&hellip;<\/p>\n","protected":false},"featured_media":15245,"template":"","meta":[],"product_cat":[330],"product_tag":[],"class_list":{"0":"post-15469","1":"product","2":"type-product","3":"status-publish","4":"has-post-thumbnail","6":"product_cat-kosttillskott-for-duvor","8":"first","9":"instock","10":"shipping-taxable","11":"product-type-simple"},"_links":{"self":[{"href":"https:\/\/care4bird.nl\/sv\/wp-json\/wp\/v2\/product\/15469","targetHints":{"allow":["GET"]}}],"collection":[{"href":"https:\/\/care4bird.nl\/sv\/wp-json\/wp\/v2\/product"}],"about":[{"href":"https:\/\/care4bird.nl\/sv\/wp-json\/wp\/v2\/types\/product"}],"wp:featuredmedia":[{"embeddable":true,"href":"https:\/\/care4bird.nl\/sv\/wp-json\/wp\/v2\/media\/15245"}],"wp:attachment":[{"href":"https:\/\/care4bird.nl\/sv\/wp-json\/wp\/v2\/media?parent=15469"}],"wp:term":[{"taxonomy":"product_cat","embeddable":true,"href":"https:\/\/care4bird.nl\/sv\/wp-json\/wp\/v2\/product_cat?post=15469"},{"taxonomy":"product_tag","embeddable":true,"href":"https:\/\/care4bird.nl\/sv\/wp-json\/wp\/v2\/product_tag?post=15469"}],"curies":[{"name":"wp","href":"https:\/\/api.w.org\/{rel}","templated":true}]}}