{"id":15474,"date":"2025-11-03T11:15:11","date_gmt":"2025-11-03T11:15:11","guid":{"rendered":"https:\/\/care4bird.nl\/product\/carni-form\/"},"modified":"2026-04-16T11:16:37","modified_gmt":"2026-04-16T11:16:37","slug":"carni-form","status":"publish","type":"product","link":"https:\/\/care4bird.nl\/sv\/produkt\/carni-form\/","title":{"rendered":"Carni Form"},"content":{"rendered":"<div>\nDenna kombination har en central roll i lipidmetabolismen hos duvor. Duvan f\u00e5r den n\u00f6dv\u00e4ndiga m\u00e4ngden L-karnitin. Dessutom inneh\u00e5ller produkten magnesium och selen f\u00f6r b\u00e4ttre muskelfunktion.\n<\/div>\n<h6>Dosering<\/h6>\n<div>\nCarni-Form kan administreras via dricksvatten eller foder:\n<\/div>\n<div>&#8211; 10 ml per liter dricksvatten<\/div>\n<div>&#8211; eller 15 ml per 1 kg foder<\/div>\n<div>&#8211; Administreras f\u00f6r att skydda musklerna minst 14 dagar f\u00f6re f\u00f6rsta flygningen, eller f\u00f6re starten av t\u00e4vlingss\u00e4songen, dagligen<\/div>\n<div>&#8211; Under t\u00e4vlingss\u00e4songen mellan flygningar: 1\u20135 dagar per vecka<\/div>\n<h6>Komposition:<\/h6>\n<div>L-karnitin &#8211; 150 000 mg<\/div>\n<div>Magnesiumklorid &#8211; 50 000 mg<\/div>\n<div>Natriumselenit &#8211; 70 mg<\/div>\n<div>Konserveringsmedel &#8211; 7000 mg<\/div>\n","protected":false},"excerpt":{"rendered":"<p>Denna kombination har en central roll i lipidmetabolismen hos duvor. Duvan f\u00e5r den n\u00f6dv\u00e4ndiga m\u00e4ngden L-karnitin. Dessutom inneh\u00e5ller produkten magnesium och selen&hellip;<\/p>\n","protected":false},"featured_media":15475,"template":"","meta":[],"product_cat":[330],"product_tag":[],"class_list":{"0":"post-15474","1":"product","2":"type-product","3":"status-publish","4":"has-post-thumbnail","6":"product_cat-kosttillskott-for-duvor","8":"first","9":"instock","10":"shipping-taxable","11":"product-type-simple"},"_links":{"self":[{"href":"https:\/\/care4bird.nl\/sv\/wp-json\/wp\/v2\/product\/15474","targetHints":{"allow":["GET"]}}],"collection":[{"href":"https:\/\/care4bird.nl\/sv\/wp-json\/wp\/v2\/product"}],"about":[{"href":"https:\/\/care4bird.nl\/sv\/wp-json\/wp\/v2\/types\/product"}],"wp:featuredmedia":[{"embeddable":true,"href":"https:\/\/care4bird.nl\/sv\/wp-json\/wp\/v2\/media\/15475"}],"wp:attachment":[{"href":"https:\/\/care4bird.nl\/sv\/wp-json\/wp\/v2\/media?parent=15474"}],"wp:term":[{"taxonomy":"product_cat","embeddable":true,"href":"https:\/\/care4bird.nl\/sv\/wp-json\/wp\/v2\/product_cat?post=15474"},{"taxonomy":"product_tag","embeddable":true,"href":"https:\/\/care4bird.nl\/sv\/wp-json\/wp\/v2\/product_tag?post=15474"}],"curies":[{"name":"wp","href":"https:\/\/api.w.org\/{rel}","templated":true}]}}