{"id":15483,"date":"2025-11-03T11:14:27","date_gmt":"2025-11-03T11:14:27","guid":{"rendered":"https:\/\/care4bird.nl\/product\/energy-mix\/"},"modified":"2026-04-16T11:18:46","modified_gmt":"2026-04-16T11:18:46","slug":"energy-mix","status":"publish","type":"product","link":"https:\/\/care4bird.nl\/sv\/produkt\/energy-mix\/","title":{"rendered":"Energy Mix"},"content":{"rendered":"<h6>Energimix med kreatin och karnitin.<\/h6>\n<div>\nEnergy Mix \u00f6kar uth\u00e5lligheten hos dina duvor. F\u00f6r en h\u00f6gpresterande muskulatur. Energy Mix fr\u00e4mjar snabbare \u00e5terh\u00e4mtning efter anstr\u00e4ngning.\n<\/div>\n<h6>Dosering:<\/h6>\n<div>\n1 m\u00e4tsked (12,5 g) per 1 l dricksvatten eller 1 kg foder\n<\/div>\n<div>F\u00f6re flygning: 2 dagar i rad<\/div>\n<div>N\u00e4r de kommer hem: 1 dag<\/div>\n<h6>Komposition:<\/h6>\n<div class=\"separator\">\n<a href=\"https:\/\/blogger.googleusercontent.com\/img\/b\/R29vZ2xl\/AVvXsEinZnxGHEvWyAoLHJO8gwn2RmFmXd7W5mzsNBXRGuW0JC_nj-f6LDa_nceKJVowWxFKn1d2D6QtfXsocQfoPvBztRN2C2k7pQzjkEr7cszJ35-vM2XDClwYrqi8j6nh36VAGRDaNXMwYvr4\/s1600\/composition_energy_mix1.jpg\" target=\"_blank\" rel=\"noopener\"><br \/>\n<img decoding=\"async\" src=\"https:\/\/blogger.googleusercontent.com\/img\/b\/R29vZ2xl\/AVvXsEinZnxGHEvWyAoLHJO8gwn2RmFmXd7W5mzsNBXRGuW0JC_nj-f6LDa_nceKJVowWxFKn1d2D6QtfXsocQfoPvBztRN2C2k7pQzjkEr7cszJ35-vM2XDClwYrqi8j6nh36VAGRDaNXMwYvr4\/s320\/composition_energy_mix1.jpg\" width=\"320\" height=\"147\" border=\"0\" data-original-height=\"426\" data-original-width=\"922\" \/><br \/>\n<\/a>\n<\/div>\n<h6>F\u00f6rpackning:<\/h6>\n<div>PVC-burk 650 g<\/div>\n","protected":false},"excerpt":{"rendered":"<p>Energimix med kreatin och karnitin. Energy Mix \u00f6kar uth\u00e5lligheten hos dina duvor. F\u00f6r en h\u00f6gpresterande muskulatur. Energy Mix fr\u00e4mjar snabbare \u00e5terh\u00e4mtning efter&hellip;<\/p>\n","protected":false},"featured_media":15484,"template":"","meta":[],"product_cat":[330],"product_tag":[],"class_list":{"0":"post-15483","1":"product","2":"type-product","3":"status-publish","4":"has-post-thumbnail","6":"product_cat-kosttillskott-for-duvor","8":"first","9":"instock","10":"shipping-taxable","11":"product-type-simple"},"_links":{"self":[{"href":"https:\/\/care4bird.nl\/sv\/wp-json\/wp\/v2\/product\/15483","targetHints":{"allow":["GET"]}}],"collection":[{"href":"https:\/\/care4bird.nl\/sv\/wp-json\/wp\/v2\/product"}],"about":[{"href":"https:\/\/care4bird.nl\/sv\/wp-json\/wp\/v2\/types\/product"}],"wp:featuredmedia":[{"embeddable":true,"href":"https:\/\/care4bird.nl\/sv\/wp-json\/wp\/v2\/media\/15484"}],"wp:attachment":[{"href":"https:\/\/care4bird.nl\/sv\/wp-json\/wp\/v2\/media?parent=15483"}],"wp:term":[{"taxonomy":"product_cat","embeddable":true,"href":"https:\/\/care4bird.nl\/sv\/wp-json\/wp\/v2\/product_cat?post=15483"},{"taxonomy":"product_tag","embeddable":true,"href":"https:\/\/care4bird.nl\/sv\/wp-json\/wp\/v2\/product_tag?post=15483"}],"curies":[{"name":"wp","href":"https:\/\/api.w.org\/{rel}","templated":true}]}}