{"id":15489,"date":"2025-11-03T11:13:35","date_gmt":"2025-11-03T11:13:35","guid":{"rendered":"https:\/\/care4bird.nl\/product\/energy-oil\/"},"modified":"2026-04-16T11:20:28","modified_gmt":"2026-04-16T11:20:28","slug":"energy-oil","status":"publish","type":"product","link":"https:\/\/care4bird.nl\/sv\/produkt\/energy-oil\/","title":{"rendered":"Energy Oil"},"content":{"rendered":"<h6>Energiy olja med 10 olika oljor rika p\u00e5 omega 3 och omega 6<\/h6>\n<div>\nEnergy Oil \u00e4r en h\u00f6genergik\u00e4lla. Idealisk f\u00f6r att bygga upp allm\u00e4n kondition och ge de fetter som beh\u00f6vs under flygningar.\n<\/div>\n<ul>\n<li>Idealisk energileverant\u00f6r.<\/li>\n<\/ul>\n<ul>\n<li>Hj\u00e4lper till att bygga upp kondition.<\/li>\n<\/ul>\n<ul>\n<li>Hj\u00e4lper till att fr\u00e4mja naturligt motst\u00e5nd.<\/li>\n<\/ul>\n<h6>Dosering<\/h6>\n<div>\nTills\u00e4tt ett lock (15 ml) Care 4 Birds Energy Oil till 1 kg foder.\n<\/div>\n<div><b>T\u00e4vlingss\u00e4song:<\/b> en till tv\u00e5 g\u00e5nger per vecka.<\/div>\n<div><b>L\u00e5ngdistanslopp:<\/b> tv\u00e5 g\u00e5nger per vecka.<\/div>\n<div><b>Unga duvor:<\/b> en till tv\u00e5 g\u00e5nger per vecka.<\/div>\n<div><b>Ruggning:<\/b> tv\u00e5 g\u00e5nger per vecka.<\/div>\n<div><b>Uppf\u00f6dningsperiod:<\/b> en till tv\u00e5 g\u00e5nger per vecka.<\/div>\n<div>Blanda inte denna produkt med vatten!<\/div>\n<h6>Komposition:<\/h6>\n<div>\nLecitin (f\u00f6rser muskler och nervsystem med energi) ; Laxolja (rik p\u00e5 fettsyror f\u00f6r uth\u00e5llighet) ; Majsgroddolja (energibooster) ; Linfr\u00f6olja (f\u00f6r fertilitet och muskelutveckling) ; Jordn\u00f6tsolja (f\u00f6r optimal muskelkondition) ; Hampolja (f\u00f6rb\u00e4ttrar energi och form) ; Vetegroddolja (naturligt E-vitamin) ; Sojaolja (maximal energifris\u00e4ttning) ; Svartkumminolja (f\u00f6r h\u00e4lsa och kondition) ; Boragoolja (st\u00e4rker \u00e4mnesoms\u00e4ttning och immunf\u00f6rsvar)\n<\/div>\n","protected":false},"excerpt":{"rendered":"<p>Energiy olja med 10 olika oljor rika p\u00e5 omega 3 och omega 6 Energy Oil \u00e4r en h\u00f6genergik\u00e4lla. Idealisk f\u00f6r att bygga&hellip;<\/p>\n","protected":false},"featured_media":15490,"template":"","meta":[],"product_cat":[330],"product_tag":[],"class_list":{"0":"post-15489","1":"product","2":"type-product","3":"status-publish","4":"has-post-thumbnail","6":"product_cat-kosttillskott-for-duvor","8":"first","9":"instock","10":"shipping-taxable","11":"product-type-simple"},"_links":{"self":[{"href":"https:\/\/care4bird.nl\/sv\/wp-json\/wp\/v2\/product\/15489","targetHints":{"allow":["GET"]}}],"collection":[{"href":"https:\/\/care4bird.nl\/sv\/wp-json\/wp\/v2\/product"}],"about":[{"href":"https:\/\/care4bird.nl\/sv\/wp-json\/wp\/v2\/types\/product"}],"wp:featuredmedia":[{"embeddable":true,"href":"https:\/\/care4bird.nl\/sv\/wp-json\/wp\/v2\/media\/15490"}],"wp:attachment":[{"href":"https:\/\/care4bird.nl\/sv\/wp-json\/wp\/v2\/media?parent=15489"}],"wp:term":[{"taxonomy":"product_cat","embeddable":true,"href":"https:\/\/care4bird.nl\/sv\/wp-json\/wp\/v2\/product_cat?post=15489"},{"taxonomy":"product_tag","embeddable":true,"href":"https:\/\/care4bird.nl\/sv\/wp-json\/wp\/v2\/product_tag?post=15489"}],"curies":[{"name":"wp","href":"https:\/\/api.w.org\/{rel}","templated":true}]}}