{"id":15495,"date":"2025-11-03T11:13:33","date_gmt":"2025-11-03T11:13:33","guid":{"rendered":"https:\/\/care4bird.nl\/product\/entero-care\/"},"modified":"2026-04-16T11:25:12","modified_gmt":"2026-04-16T11:25:12","slug":"entero-care","status":"publish","type":"product","link":"https:\/\/care4bird.nl\/sv\/produkt\/entero-care\/","title":{"rendered":"Entero Care"},"content":{"rendered":"<h6>Probiotika f\u00f6r duvor<\/h6>\n<div>\nDenna probiotiska blandning som inneh\u00e5ller naturliga mj\u00f6lksyrabakterier s\u00e4kerst\u00e4ller en god balans i tarmfloran. Bakterierna trivs i tarmkanalen och skapar en sur milj\u00f6 d\u00e4r. F\u00f6r att uppn\u00e5 en optimal produkt har \u00e4ven vitaminer och mineraler tillsatts.<br \/>\nEntero Care b\u00f6r helst ges:\n<\/div>\n<div>&#8211; Efter vaccinationer och medicinering<\/div>\n<div>&#8211; Vid problem med tarmflora och avf\u00f6ring<\/div>\n<div>&#8211; Under stressperioder (f\u00f6rsta flygningar, unguveflygningar)<\/div>\n<div>&#8211; Efter hemkomst f\u00f6r att p\u00e5skynda \u00e5terh\u00e4mtning<\/div>\n<h6>Dosering och anv\u00e4ndningsanvisningar:<\/h6>\n<div>\n1 m\u00e4tsked (10 g) per 1 liter vatten eller 1 medf\u00f6ljande m\u00e4tsked per 1 kg foder, i 2 p\u00e5 varandra f\u00f6ljande dagar.\n<\/div>\n<div>Entero Care kan ges varje vecka.<\/div>\n","protected":false},"excerpt":{"rendered":"<p>Probiotika f\u00f6r duvor Denna probiotiska blandning som inneh\u00e5ller naturliga mj\u00f6lksyrabakterier s\u00e4kerst\u00e4ller en god balans i tarmfloran. Bakterierna trivs i tarmkanalen och skapar&hellip;<\/p>\n","protected":false},"featured_media":15496,"template":"","meta":[],"product_cat":[330,329],"product_tag":[],"class_list":{"0":"post-15495","1":"product","2":"type-product","3":"status-publish","4":"has-post-thumbnail","6":"product_cat-kosttillskott-for-duvor","7":"product_cat-kosttillskott-for-faglar","9":"first","10":"instock","11":"shipping-taxable","12":"product-type-simple"},"_links":{"self":[{"href":"https:\/\/care4bird.nl\/sv\/wp-json\/wp\/v2\/product\/15495","targetHints":{"allow":["GET"]}}],"collection":[{"href":"https:\/\/care4bird.nl\/sv\/wp-json\/wp\/v2\/product"}],"about":[{"href":"https:\/\/care4bird.nl\/sv\/wp-json\/wp\/v2\/types\/product"}],"wp:featuredmedia":[{"embeddable":true,"href":"https:\/\/care4bird.nl\/sv\/wp-json\/wp\/v2\/media\/15496"}],"wp:attachment":[{"href":"https:\/\/care4bird.nl\/sv\/wp-json\/wp\/v2\/media?parent=15495"}],"wp:term":[{"taxonomy":"product_cat","embeddable":true,"href":"https:\/\/care4bird.nl\/sv\/wp-json\/wp\/v2\/product_cat?post=15495"},{"taxonomy":"product_tag","embeddable":true,"href":"https:\/\/care4bird.nl\/sv\/wp-json\/wp\/v2\/product_tag?post=15495"}],"curies":[{"name":"wp","href":"https:\/\/api.w.org\/{rel}","templated":true}]}}