{"id":15501,"date":"2025-11-03T11:12:48","date_gmt":"2025-11-03T11:12:48","guid":{"rendered":"https:\/\/care4bird.nl\/product\/glucovit\/"},"modified":"2026-04-16T11:26:39","modified_gmt":"2026-04-16T11:26:39","slug":"glucovit","status":"publish","type":"product","link":"https:\/\/care4bird.nl\/sv\/produkt\/glucovit\/","title":{"rendered":"Glucovit"},"content":{"rendered":"<h6>GLUCOVIT GLUKOS + VITAMINER kan kombineras i dricksvatten med CARELYT.<\/h6>\n<h6>Dosering<\/h6>\n<div>Tills\u00e4tt i dricksvattnet.<\/div>\n<div><b>Ruggning \/ vinter:<\/b> en g\u00e5ng per vecka, 2 matskedar i 2 liter (ca 40 duvor)<\/div>\n<div><b>Uppf\u00f6dningsperiod:<\/b> tv\u00e5 g\u00e5nger per vecka, 2 matskedar i 2 liter (ca 40 duvor)<\/div>\n<div><b>Unga duvor i tillv\u00e4xt:<\/b> 5 dagar i f\u00f6ljd<\/div>\n<div><b>T\u00e4vlingss\u00e4song:<\/b> tv\u00e5 g\u00e5nger per vecka, 2 matskedar i 2 liter (ca 40 duvor)<\/div>\n<div>Vid l\u00e5ngdistans kan ges upp till 3 g\u00e5nger per vecka, 3 skedar per 2 liter dricksvatten<\/div>\n<div>Det \u00e4r ocks\u00e5 m\u00f6jligt att tills\u00e4tta GLUCOVIT i duvornas foder i samma dosering (\u00b1 40 duvor en g\u00e5ng per dag).<\/div>\n<div>F\u00f6rst m\u00e5ste s\u00e4den fuktas innan den blandas med GLUCOVIT.<\/div>\n<h6>Formel<\/h6>\n<div>Vit. A 6000 i.e.<\/div>\n<div>Vit. D3 1200 i.e.<\/div>\n<div>Vit. E 20 mg<\/div>\n<div>Vit. C 10 mg<\/div>\n<div>Vit. K3 1,5 mg<\/div>\n<div>Vit. B1 280 mg<\/div>\n<div>Vit. B2 400 mg<\/div>\n<div>Nikotinamid 30 mg<\/div>\n<div>Pantotensyra 10 mg<\/div>\n<div>Kolin 100 mg<\/div>\n<div>Sp\u00e5r\u00e4mnen<\/div>\n<div>Dextros q.s. till 1000 g<\/div>\n","protected":false},"excerpt":{"rendered":"<p>GLUCOVIT GLUKOS + VITAMINER kan kombineras i dricksvatten med CARELYT. Dosering Tills\u00e4tt i dricksvattnet. Ruggning \/ vinter: en g\u00e5ng per vecka, 2&hellip;<\/p>\n","protected":false},"featured_media":15502,"template":"","meta":[],"product_cat":[330],"product_tag":[],"class_list":{"0":"post-15501","1":"product","2":"type-product","3":"status-publish","4":"has-post-thumbnail","6":"product_cat-kosttillskott-for-duvor","8":"first","9":"instock","10":"shipping-taxable","11":"product-type-simple"},"_links":{"self":[{"href":"https:\/\/care4bird.nl\/sv\/wp-json\/wp\/v2\/product\/15501","targetHints":{"allow":["GET"]}}],"collection":[{"href":"https:\/\/care4bird.nl\/sv\/wp-json\/wp\/v2\/product"}],"about":[{"href":"https:\/\/care4bird.nl\/sv\/wp-json\/wp\/v2\/types\/product"}],"wp:featuredmedia":[{"embeddable":true,"href":"https:\/\/care4bird.nl\/sv\/wp-json\/wp\/v2\/media\/15502"}],"wp:attachment":[{"href":"https:\/\/care4bird.nl\/sv\/wp-json\/wp\/v2\/media?parent=15501"}],"wp:term":[{"taxonomy":"product_cat","embeddable":true,"href":"https:\/\/care4bird.nl\/sv\/wp-json\/wp\/v2\/product_cat?post=15501"},{"taxonomy":"product_tag","embeddable":true,"href":"https:\/\/care4bird.nl\/sv\/wp-json\/wp\/v2\/product_tag?post=15501"}],"curies":[{"name":"wp","href":"https:\/\/api.w.org\/{rel}","templated":true}]}}