{"id":15507,"date":"2025-11-03T11:12:01","date_gmt":"2025-11-03T11:12:01","guid":{"rendered":"https:\/\/care4bird.nl\/product\/carelyt\/"},"modified":"2026-04-16T11:29:11","modified_gmt":"2026-04-16T11:29:11","slug":"carelyt","status":"publish","type":"product","link":"https:\/\/care4bird.nl\/sv\/produkt\/carelyt\/","title":{"rendered":"Carelyt"},"content":{"rendered":"<h6>Indikation :<\/h6>\n<div>Flygsalt f\u00f6r t\u00e4vlingsduvor<\/div>\n<div>CARELYT reglerar syra- och v\u00e4tskebalansen hos dina f\u00e5glar. Det p\u00e5skyndar \u00e5terh\u00e4mtningen hos duvor efter l\u00e5nga flygningar. Det \u00e5terf\u00f6r dem snabbt till toppform.<\/div>\n<h6>Dosering :<\/h6>\n<div>Bruksanvisning :<\/div>\n<div>N\u00e4r duvorna kommer hem fr\u00e5n sina flygningar \u00e4r de mycket t\u00f6rstiga. Ge dem f\u00f6rst rent och friskt vatten.<\/div>\n<div>Efter 2 timmar, ge \u00e5ter f\u00e4rskt vatten blandat med CARELYT.<\/div>\n<div>L\u00f6s upp 25 g CARELYT (1 matsked) i 2 liter dricksvatten och l\u00e5t st\u00e5 tillg\u00e4ngligt i 24 timmar.<\/div>\n<div>D\u00e4refter tas det bort och vanligt f\u00e4rskt vatten ges igen.<\/div>\n<div>CARELYT kan anv\u00e4ndas tillsammans med de flesta l\u00e4kemedel f\u00f6r t\u00e4vlingsduvor.<\/div>\n<h6>Inneh\u00e5ll<\/h6>\n<div>600 g<\/div>\n","protected":false},"excerpt":{"rendered":"<p>Indikation : Flygsalt f\u00f6r t\u00e4vlingsduvor CARELYT reglerar syra- och v\u00e4tskebalansen hos dina f\u00e5glar. Det p\u00e5skyndar \u00e5terh\u00e4mtningen hos duvor efter l\u00e5nga flygningar. Det&hellip;<\/p>\n","protected":false},"featured_media":15508,"template":"","meta":[],"product_cat":[330],"product_tag":[],"class_list":{"0":"post-15507","1":"product","2":"type-product","3":"status-publish","4":"has-post-thumbnail","6":"product_cat-kosttillskott-for-duvor","8":"first","9":"instock","10":"shipping-taxable","11":"product-type-simple"},"_links":{"self":[{"href":"https:\/\/care4bird.nl\/sv\/wp-json\/wp\/v2\/product\/15507","targetHints":{"allow":["GET"]}}],"collection":[{"href":"https:\/\/care4bird.nl\/sv\/wp-json\/wp\/v2\/product"}],"about":[{"href":"https:\/\/care4bird.nl\/sv\/wp-json\/wp\/v2\/types\/product"}],"wp:featuredmedia":[{"embeddable":true,"href":"https:\/\/care4bird.nl\/sv\/wp-json\/wp\/v2\/media\/15508"}],"wp:attachment":[{"href":"https:\/\/care4bird.nl\/sv\/wp-json\/wp\/v2\/media?parent=15507"}],"wp:term":[{"taxonomy":"product_cat","embeddable":true,"href":"https:\/\/care4bird.nl\/sv\/wp-json\/wp\/v2\/product_cat?post=15507"},{"taxonomy":"product_tag","embeddable":true,"href":"https:\/\/care4bird.nl\/sv\/wp-json\/wp\/v2\/product_tag?post=15507"}],"curies":[{"name":"wp","href":"https:\/\/api.w.org\/{rel}","templated":true}]}}