{"id":15513,"date":"2025-11-03T11:11:31","date_gmt":"2025-11-03T11:11:31","guid":{"rendered":"https:\/\/care4bird.nl\/product\/probiocare\/"},"modified":"2026-04-16T11:32:26","modified_gmt":"2026-04-16T11:32:26","slug":"probiocare","status":"publish","type":"product","link":"https:\/\/care4bird.nl\/sv\/produkt\/probiocare\/","title":{"rendered":"ProbioCare"},"content":{"rendered":"<h6>Probiotika och prebiotika f\u00f6r \u00e5terst\u00e4llning av tarmfloran<\/h6>\n<div>\nKombination av probiotika och prebiotika f\u00f6r regenerering och f\u00f6rb\u00e4ttring av tarmfloran. ProbioCare inneh\u00e5ller en speciell kombination av olika probiotika och prebiotika som verkar synergistiskt f\u00f6r att f\u00f6rb\u00e4ttra tarmregleringen. ProbioCare \u00e4r ett utm\u00e4rkt val:\n<\/div>\n<div>\n&#8211; efter antibiotikabehandling<br \/>\n&#8211; efter vaccinationer<br \/>\n&#8211; som immunst\u00e4rkare efter t\u00e4vlingsflyg<br \/>\n&#8211; efter utst\u00e4llningar\n<\/div>\n<div>\nMatsm\u00e4ltningsproblem \u00e4r ett tecken p\u00e5 m\u00e5nga skadliga mikroorganismer och endoparasiter. I m\u00e5nga fall ses detta vid h\u00e5rda flygningar och avel.<br \/>\nProbioCare inneh\u00e5ller en speciell kombination av olika probiotika i mikroinkapslad form samt en unik kombination av kolhydrater som reglerar tarmfloran.\n<\/div>\n<div>\nOlika bakterier st\u00f6djer varandra i f\u00f6rm\u00e5gan att aktivt kolonisera duvans tunntarm. P\u00e5 s\u00e5 s\u00e4tt hj\u00e4lper de matsm\u00e4ltningen, producerar viktiga n\u00e4rings\u00e4mnen som stabiliserar tarmfloran och st\u00e4rker immunf\u00f6rsvaret.\n<\/div>\n<div>\nDessa probiotiska bakterier motverkar patogena bakterier s\u00e5som Salmonella, E. coli, Staphylococcus, Streptococcus samt svampinfektioner som Candida, koccidios och trichomonas.\n<\/div>\n<div>\nDetta \u00e4r en mycket effektiv metod f\u00f6r att f\u00f6rebygga tarmsjukdomar och snabbt \u00e5terst\u00e4lla tarmfloran. Regelbunden anv\u00e4ndning av ProbioCare \u00f6kar det naturliga motst\u00e5ndet och f\u00f6rb\u00e4ttrar aptiten. Duvorna f\u00e5r mer energi under flygningar.\n<\/div>\n<div>\nAnv\u00e4ndning av ProbioCare f\u00f6rkortar \u00e5terh\u00e4mtningsfasen avsev\u00e4rt.\n<\/div>\n<h6>Dosering<\/h6>\n<div>1 m\u00e4tsked (12,5 g) per 1 kg foder, tv\u00e5 g\u00e5nger i veckan (dos f\u00f6r 25 duvor)<\/div>\n","protected":false},"excerpt":{"rendered":"<p>Probiotika och prebiotika f\u00f6r \u00e5terst\u00e4llning av tarmfloran Kombination av probiotika och prebiotika f\u00f6r regenerering och f\u00f6rb\u00e4ttring av tarmfloran. ProbioCare inneh\u00e5ller en speciell&hellip;<\/p>\n","protected":false},"featured_media":15514,"template":"","meta":[],"product_cat":[330,329],"product_tag":[],"class_list":{"0":"post-15513","1":"product","2":"type-product","3":"status-publish","4":"has-post-thumbnail","6":"product_cat-kosttillskott-for-duvor","7":"product_cat-kosttillskott-for-faglar","9":"first","10":"instock","11":"shipping-taxable","12":"product-type-simple"},"_links":{"self":[{"href":"https:\/\/care4bird.nl\/sv\/wp-json\/wp\/v2\/product\/15513","targetHints":{"allow":["GET"]}}],"collection":[{"href":"https:\/\/care4bird.nl\/sv\/wp-json\/wp\/v2\/product"}],"about":[{"href":"https:\/\/care4bird.nl\/sv\/wp-json\/wp\/v2\/types\/product"}],"wp:featuredmedia":[{"embeddable":true,"href":"https:\/\/care4bird.nl\/sv\/wp-json\/wp\/v2\/media\/15514"}],"wp:attachment":[{"href":"https:\/\/care4bird.nl\/sv\/wp-json\/wp\/v2\/media?parent=15513"}],"wp:term":[{"taxonomy":"product_cat","embeddable":true,"href":"https:\/\/care4bird.nl\/sv\/wp-json\/wp\/v2\/product_cat?post=15513"},{"taxonomy":"product_tag","embeddable":true,"href":"https:\/\/care4bird.nl\/sv\/wp-json\/wp\/v2\/product_tag?post=15513"}],"curies":[{"name":"wp","href":"https:\/\/api.w.org\/{rel}","templated":true}]}}