{"id":15517,"date":"2025-11-03T11:11:16","date_gmt":"2025-11-03T11:11:16","guid":{"rendered":"https:\/\/care4bird.nl\/product\/herbal-care\/"},"modified":"2026-04-16T11:33:36","modified_gmt":"2026-04-16T11:33:36","slug":"herbal-care","status":"publish","type":"product","link":"https:\/\/care4bird.nl\/sv\/produkt\/herbal-care\/","title":{"rendered":"Herbal Care"},"content":{"rendered":"<h6>\u00d6rtbaserad tinktur med tillsatta organiska syror, vitaminer, mineraler och sp\u00e5r\u00e4mnen<\/h6>\n<div>\nHerbal Care \u00e4r en helt naturlig produkt som ger en stark grund b\u00e5de under t\u00e4vlingss\u00e4songen och under viloperioden. Produkten \u00e4r en \u00f6rt-tinktur med tillsatta organiska syror och \u00e4r rik p\u00e5 vitaminer, mineraler och sp\u00e5r\u00e4mnen som \u00e4r mycket effektiva mot mag- och tarmproblem. Herbal Care f\u00f6rb\u00e4ttrar duvornas kondition, \u00f6kar motst\u00e5ndskraften och fr\u00e4mjar snabbare \u00e5terh\u00e4mtning efter anstr\u00e4ngning. Herbal Care \u00f6kar fertiliteten och g\u00f6r unga duvor mer motst\u00e5ndskraftiga.\n<\/div>\n<h6>Dosering<\/h6>\n<div>10 ml Herbal Care i 1 liter dricksvatten<\/div>\n<div>&#8211; Under ruggning: en till tv\u00e5 g\u00e5nger per vecka<\/div>\n<div>&#8211; Under t\u00e4vlingss\u00e4song: en till tv\u00e5 g\u00e5nger per vecka<\/div>\n<div>&#8211; Unga duvor: tre till fyra g\u00e5nger per vecka<\/div>\n<div>&#8211; Avelsperiod: tv\u00e5 g\u00e5nger per vecka<\/div>\n<div>Skaka v\u00e4l f\u00f6re anv\u00e4ndning!<\/div>\n<h6>R\u00e5d<\/h6>\n<div>Innan t\u00e4vlingss\u00e4songen startar: f\u00f6rebyggande behandling i 7\u201310 dagar.<\/div>\n<h6>Inneh\u00e5ll<\/h6>\n<div>\u00d6rt-tinktur av ginsengrot, r\u00f6d solhatt (echinacea), liten centaury, bl\u00e5b\u00e4rsblad (Vaccinium myrtillus), pilbark, sj\u00f6gr\u00e4s, vild sellerirot, Satureja hortensis, kanel, saffran (Crocus sativus); koncentrat av fl\u00e4der (Sambucus nigra); bl\u00e5b\u00e4rskoncentrat; citronsyra; \u00e4ppelcidervin\u00e4ger; glukos<\/div>\n","protected":false},"excerpt":{"rendered":"<p>\u00d6rtbaserad tinktur med tillsatta organiska syror, vitaminer, mineraler och sp\u00e5r\u00e4mnen Herbal Care \u00e4r en helt naturlig produkt som ger en stark grund&hellip;<\/p>\n","protected":false},"featured_media":14974,"template":"","meta":[],"product_cat":[330,329],"product_tag":[],"class_list":{"0":"post-15517","1":"product","2":"type-product","3":"status-publish","4":"has-post-thumbnail","6":"product_cat-kosttillskott-for-duvor","7":"product_cat-kosttillskott-for-faglar","9":"first","10":"instock","11":"shipping-taxable","12":"product-type-simple"},"_links":{"self":[{"href":"https:\/\/care4bird.nl\/sv\/wp-json\/wp\/v2\/product\/15517","targetHints":{"allow":["GET"]}}],"collection":[{"href":"https:\/\/care4bird.nl\/sv\/wp-json\/wp\/v2\/product"}],"about":[{"href":"https:\/\/care4bird.nl\/sv\/wp-json\/wp\/v2\/types\/product"}],"wp:featuredmedia":[{"embeddable":true,"href":"https:\/\/care4bird.nl\/sv\/wp-json\/wp\/v2\/media\/14974"}],"wp:attachment":[{"href":"https:\/\/care4bird.nl\/sv\/wp-json\/wp\/v2\/media?parent=15517"}],"wp:term":[{"taxonomy":"product_cat","embeddable":true,"href":"https:\/\/care4bird.nl\/sv\/wp-json\/wp\/v2\/product_cat?post=15517"},{"taxonomy":"product_tag","embeddable":true,"href":"https:\/\/care4bird.nl\/sv\/wp-json\/wp\/v2\/product_tag?post=15517"}],"curies":[{"name":"wp","href":"https:\/\/api.w.org\/{rel}","templated":true}]}}