{"id":15525,"date":"2025-11-03T11:10:18","date_gmt":"2025-11-03T11:10:18","guid":{"rendered":"https:\/\/care4bird.nl\/product\/caresol\/"},"modified":"2026-04-17T06:40:35","modified_gmt":"2026-04-17T06:40:35","slug":"caresol","status":"publish","type":"product","link":"https:\/\/care4bird.nl\/sv\/produkt\/caresol\/","title":{"rendered":"Caresol"},"content":{"rendered":"<h6>Indikation:<\/h6>\n<p>Den unika kombinationen av elektrolyter och mineraler (kalium, natrium, magnesium), baserad p\u00e5 glukos som energik\u00e4lla, hj\u00e4lper till att p\u00e5skynda \u00e5terh\u00e4mtningsprocessen. \u00c5terfuktar och st\u00f6djer f\u00e5glar vid extrema temperaturer, under transport eller vid utst\u00e4llningar. Ger energi och elektrolyter f\u00f6r att hj\u00e4lpa f\u00e5glar att \u00e5terh\u00e4mta sig efter sjukdom, stress eller anstr\u00e4ngning. \u00d6kar vitalitet och livskraft hos f\u00e5glar som visas eller s\u00e4ljs. Den beredda l\u00f6sningen kan ges direkt i n\u00f6dsituationer f\u00f6r att ge snabbverkande energi.<\/p>\n<h6>Dosering och anv\u00e4ndning:<\/h6>\n<div>\n<div>DOSERING H\u00c4CKNINGSPERIOD: f\u00f6r starka och v\u00e4lv\u00e4xande ungar: cirka 25 ml i 1 liter vatten i 5 dagar i f\u00f6ljd, med b\u00f6rjan n\u00e4r ungarna \u00e4r cirka 1 vecka gamla.<\/div>\n<div>DOSERING T\u00c4VLINGSPERIOD: 2\u20133 g\u00e5nger per vecka, 15 ml per liter vatten.<\/div>\n<div>EFTER STOR ANSTR\u00c4NGNING (t\u00e4vlingsperiod) Efter att duvorna har \u00e5terv\u00e4nt hem, ge dem f\u00f6rst rent vatten och tills\u00e4tt sedan CARESOL i dricksvattnet. 15 ml (1\/2 m\u00e5ttlock) per liter vatten.<\/div>\n<\/div>\n<h6>Anteckningar:<\/h6>\n<div>\n<div>\u2022 Skaka v\u00e4l f\u00f6re anv\u00e4ndning!<\/div>\n<div>\u2022 F\u00f6rvaras o\u00e5tkomligt f\u00f6r barn.<\/div>\n<div>\u2022 Endast f\u00f6r oral anv\u00e4ndning hos djur som inte \u00e4r avsedda f\u00f6r livsmedel.<\/div>\n<div>\u2022 F\u00f6rvaras torrt, skyddat fr\u00e5n direkt solljus och mellan 0 och 30 \u00b0C.<\/div>\n<div>\u2022 B\u00e4st f\u00f6re: se f\u00f6rpackningen.<\/div>\n<div>\u2022 Inneh\u00e5ll: 500 ml fodertillskott f\u00f6r duvor<\/div>\n<\/div>\n","protected":false},"excerpt":{"rendered":"<p>Indikation: Den unika kombinationen av elektrolyter och mineraler (kalium, natrium, magnesium), baserad p\u00e5 glukos som energik\u00e4lla, hj\u00e4lper till att p\u00e5skynda \u00e5terh\u00e4mtningsprocessen. \u00c5terfuktar&hellip;<\/p>\n","protected":false},"featured_media":15526,"template":"","meta":[],"product_cat":[330,329],"product_tag":[],"class_list":{"0":"post-15525","1":"product","2":"type-product","3":"status-publish","4":"has-post-thumbnail","6":"product_cat-kosttillskott-for-duvor","7":"product_cat-kosttillskott-for-faglar","9":"first","10":"instock","11":"shipping-taxable","12":"product-type-simple"},"_links":{"self":[{"href":"https:\/\/care4bird.nl\/sv\/wp-json\/wp\/v2\/product\/15525","targetHints":{"allow":["GET"]}}],"collection":[{"href":"https:\/\/care4bird.nl\/sv\/wp-json\/wp\/v2\/product"}],"about":[{"href":"https:\/\/care4bird.nl\/sv\/wp-json\/wp\/v2\/types\/product"}],"wp:featuredmedia":[{"embeddable":true,"href":"https:\/\/care4bird.nl\/sv\/wp-json\/wp\/v2\/media\/15526"}],"wp:attachment":[{"href":"https:\/\/care4bird.nl\/sv\/wp-json\/wp\/v2\/media?parent=15525"}],"wp:term":[{"taxonomy":"product_cat","embeddable":true,"href":"https:\/\/care4bird.nl\/sv\/wp-json\/wp\/v2\/product_cat?post=15525"},{"taxonomy":"product_tag","embeddable":true,"href":"https:\/\/care4bird.nl\/sv\/wp-json\/wp\/v2\/product_tag?post=15525"}],"curies":[{"name":"wp","href":"https:\/\/api.w.org\/{rel}","templated":true}]}}