{"id":15531,"date":"2025-11-03T11:08:49","date_gmt":"2025-11-03T11:08:49","guid":{"rendered":"https:\/\/care4bird.nl\/product\/fly-forma-drops\/"},"modified":"2026-04-17T06:41:19","modified_gmt":"2026-04-17T06:41:19","slug":"fly-forma-drops","status":"publish","type":"product","link":"https:\/\/care4bird.nl\/sv\/produkt\/fly-forma-drops\/","title":{"rendered":"Fly forma drops"},"content":{"rendered":"<h6>Indikation:<\/h6>\n<div>F\u00f6r reng\u00f6ring av \u00f6gonen. Irritation i \u00f6gonen och t\u00e5rkanalerna kan p\u00e5verka orienteringen och leda till s\u00e4mre flygprestationer.<\/div>\n<div>prestanda, vilket resulterar i s\u00e4mre resultat.<\/div>\n<h6>FORMEL:<\/h6>\n<div>\u00d6rtextrakt (Melilotus officinalis, Euphrasia, Plantago lanceolata) och silverproteinat.<\/div>\n<h6>Inneh\u00e5ller:<\/h6>\n<div>30 ml behandlingsprodukt f\u00f6r t\u00e4vlings- och prydnadsduvor<\/div>\n<h6>DOSERING och ANV\u00c4NDNINGSINSTRUKTIONER:<\/h6>\n<div>Anv\u00e4nd 1 till 2 droppar per \u00f6ga. Skaka f\u00f6re anv\u00e4ndning!<\/div>\n<h6>HUR MAN ANV\u00c4NDER DET:<\/h6>\n<div>T\u00e4vlingsduvor: En droppe i varje \u00f6ga och n\u00e4sborre f\u00f6re och efter flygning.<\/div>\n<div>Om duvorna \u00e4r i gott skick kommer droppen att f\u00f6rsvinna n\u00e4stan omedelbart.<\/div>\n","protected":false},"excerpt":{"rendered":"<p>Indikation: F\u00f6r reng\u00f6ring av \u00f6gonen. Irritation i \u00f6gonen och t\u00e5rkanalerna kan p\u00e5verka orienteringen och leda till s\u00e4mre flygprestationer. prestanda, vilket resulterar i&hellip;<\/p>\n","protected":false},"featured_media":15532,"template":"","meta":[],"product_cat":[330],"product_tag":[],"class_list":{"0":"post-15531","1":"product","2":"type-product","3":"status-publish","4":"has-post-thumbnail","6":"product_cat-kosttillskott-for-duvor","8":"first","9":"instock","10":"shipping-taxable","11":"product-type-simple"},"_links":{"self":[{"href":"https:\/\/care4bird.nl\/sv\/wp-json\/wp\/v2\/product\/15531","targetHints":{"allow":["GET"]}}],"collection":[{"href":"https:\/\/care4bird.nl\/sv\/wp-json\/wp\/v2\/product"}],"about":[{"href":"https:\/\/care4bird.nl\/sv\/wp-json\/wp\/v2\/types\/product"}],"wp:featuredmedia":[{"embeddable":true,"href":"https:\/\/care4bird.nl\/sv\/wp-json\/wp\/v2\/media\/15532"}],"wp:attachment":[{"href":"https:\/\/care4bird.nl\/sv\/wp-json\/wp\/v2\/media?parent=15531"}],"wp:term":[{"taxonomy":"product_cat","embeddable":true,"href":"https:\/\/care4bird.nl\/sv\/wp-json\/wp\/v2\/product_cat?post=15531"},{"taxonomy":"product_tag","embeddable":true,"href":"https:\/\/care4bird.nl\/sv\/wp-json\/wp\/v2\/product_tag?post=15531"}],"curies":[{"name":"wp","href":"https:\/\/api.w.org\/{rel}","templated":true}]}}