{"id":15537,"date":"2025-11-03T11:08:27","date_gmt":"2025-11-03T11:08:27","guid":{"rendered":"https:\/\/care4bird.nl\/product\/carechol\/"},"modified":"2026-04-17T06:42:08","modified_gmt":"2026-04-17T06:42:08","slug":"carechol","status":"publish","type":"product","link":"https:\/\/care4bird.nl\/sv\/produkt\/carechol\/","title":{"rendered":"Carechol"},"content":{"rendered":"<h6>Indikation:<\/h6>\n<p>Metionin och kolin \u00e4r essentiella svavelhaltiga aminosyror som skyddar levern och njurarna, motverkar fettdegeneration i levern och s\u00e4kerst\u00e4ller transport av fett till cellerna, vilket \u00e4r n\u00f6dv\u00e4ndigt f\u00f6r nervsystemets normala funktion. De bidrar till optimal tillv\u00e4xt hos unga duvor och \u00e4r ocks\u00e5 mycket viktiga under ruggningen. Allt detta g\u00f6r Carechol till en produkt som kan ges \u00e5ret runt.<\/p>\n<h6>Dosering:<\/h6>\n<p>Under ruggning:<br \/>\n10 ml per 1 l dricksvatten per kg foder, tv\u00e5 g\u00e5nger per vecka<\/p>\n<p>Under t\u00e4vlingss\u00e4song:<br \/>\n10 ml per 1 l dricksvatten per kg foder, en g\u00e5ng per vecka<\/p>\n<p>Som behandling:<br \/>\n10 ml per 1 l dricksvatten per kg foder, i 5 p\u00e5 varandra f\u00f6ljande dagar<\/p>\n<h6>F\u00f6rpackning:<\/h6>\n<p>1000 ml oral v\u00e4tska f\u00f6r behandling av duvor och burf\u00e5glar fr\u00e5n 300 upp till 3000 gram levande vikt.<\/p>\n<h6>Sammans\u00e4ttning:<\/h6>\n<p>Metionin: 1 % ; Kolin: 15 % ; Glukos: 60 % ; Inaktiva ingredienser upp till 100 %<\/p>\n","protected":false},"excerpt":{"rendered":"<p>Indikation: Metionin och kolin \u00e4r essentiella svavelhaltiga aminosyror som skyddar levern och njurarna, motverkar fettdegeneration i levern och s\u00e4kerst\u00e4ller transport av fett&hellip;<\/p>\n","protected":false},"featured_media":15538,"template":"","meta":[],"product_cat":[330,329],"product_tag":[],"class_list":{"0":"post-15537","1":"product","2":"type-product","3":"status-publish","4":"has-post-thumbnail","6":"product_cat-kosttillskott-for-duvor","7":"product_cat-kosttillskott-for-faglar","9":"first","10":"instock","11":"shipping-taxable","12":"product-type-simple"},"_links":{"self":[{"href":"https:\/\/care4bird.nl\/sv\/wp-json\/wp\/v2\/product\/15537","targetHints":{"allow":["GET"]}}],"collection":[{"href":"https:\/\/care4bird.nl\/sv\/wp-json\/wp\/v2\/product"}],"about":[{"href":"https:\/\/care4bird.nl\/sv\/wp-json\/wp\/v2\/types\/product"}],"wp:featuredmedia":[{"embeddable":true,"href":"https:\/\/care4bird.nl\/sv\/wp-json\/wp\/v2\/media\/15538"}],"wp:attachment":[{"href":"https:\/\/care4bird.nl\/sv\/wp-json\/wp\/v2\/media?parent=15537"}],"wp:term":[{"taxonomy":"product_cat","embeddable":true,"href":"https:\/\/care4bird.nl\/sv\/wp-json\/wp\/v2\/product_cat?post=15537"},{"taxonomy":"product_tag","embeddable":true,"href":"https:\/\/care4bird.nl\/sv\/wp-json\/wp\/v2\/product_tag?post=15537"}],"curies":[{"name":"wp","href":"https:\/\/api.w.org\/{rel}","templated":true}]}}