{"id":15543,"date":"2025-11-03T11:07:01","date_gmt":"2025-11-03T11:07:01","guid":{"rendered":"https:\/\/care4bird.nl\/product\/caremin\/"},"modified":"2026-04-17T06:43:00","modified_gmt":"2026-04-17T06:43:00","slug":"caremin","status":"publish","type":"product","link":"https:\/\/care4bird.nl\/sv\/produkt\/caremin\/","title":{"rendered":"Caremin"},"content":{"rendered":"<h6>Indikation:<\/h6>\n<p>CAREMIN bidrar till god h\u00e4lsa och hj\u00e4lper till att st\u00e4rka immunf\u00f6rsvaret hos b\u00e5de unga och gamla duvor! CAREMIN kan ges \u00e5ret runt, men \u00e4r oumb\u00e4rligt under perioder d\u00e5 duvorna uts\u00e4tts f\u00f6r h\u00f6g belastning, s\u00e5som under avel, t\u00e4vlingss\u00e4song, ruggning samt efter antibiotikabehandling eller immunisering.<br \/>\nKan ges antingen via dricksvattnet eller \u00f6ver fodret.<\/p>\n<h6><b><\/b>Dosering<\/h6>\n<p>10 ml per 1 liter dricksvatten eller 15 ml per kilo foder. 2 g\u00e5nger per vecka.<br \/>\nSkaka f\u00f6re anv\u00e4ndning!<\/p>\n<h6>F\u00f6rpackning<\/h6>\n<p>1000 ml oral v\u00e4tska f\u00f6r behandling av duvor och burf\u00e5glar fr\u00e5n 300 upp till 3000 gram levande vikt<\/p>\n<p>Sammans\u00e4ttning<b><\/b><i><\/i><u><\/u><br \/>\nVitamin A        6250.000 IE<br \/>\nVitamin D3      1250.000 IE<br \/>\nVitamin B1                375 mg<br \/>\nVitamin B2               313 mg<br \/>\nVitamin B6               500 mg<br \/>\nVitamin B12      125.000 mcg<br \/>\nVitamin B3             5.000 mg<br \/>\nVitamin C                5.000 mg<br \/>\nVitamin E                2.500 mg<br \/>\nVitamin K3                750 mg<br \/>\nFolsyra                     13 mg<br \/>\nKalciumpantotenat 1.625 mg<br \/>\nL-Arginin                 400 mg<br \/>\nL-asparaginsyra      1.800 mg<br \/>\nGlycin                      340 mg<br \/>\nLeucin                   1.700 mg<br \/>\nLysin                     1.560 mg<br \/>\nMetionin                 360 mg<br \/>\nTyrosin                     520 mg<br \/>\nValin                        960 mg<br \/>\nInaktiva ingredienser upp till 1.000 ml<\/p>\n<p>F\u00f6rvaras o\u00e5tkomligt f\u00f6r barn.<br \/>\nEndast f\u00f6r oral anv\u00e4ndning hos djur som inte \u00e4r avsedda f\u00f6r livsmedel.<br \/>\nF\u00f6rvaras torrt, skyddat fr\u00e5n direkt solljus och mellan 0 och 30\u00b0C.<br \/>\nB\u00e4st f\u00f6re: se f\u00f6rpackningen.<\/p>\n","protected":false},"excerpt":{"rendered":"<p>Indikation: CAREMIN bidrar till god h\u00e4lsa och hj\u00e4lper till att st\u00e4rka immunf\u00f6rsvaret hos b\u00e5de unga och gamla duvor! CAREMIN kan ges \u00e5ret&hellip;<\/p>\n","protected":false},"featured_media":15544,"template":"","meta":[],"product_cat":[330,329],"product_tag":[],"class_list":{"0":"post-15543","1":"product","2":"type-product","3":"status-publish","4":"has-post-thumbnail","6":"product_cat-kosttillskott-for-duvor","7":"product_cat-kosttillskott-for-faglar","9":"first","10":"instock","11":"shipping-taxable","12":"product-type-simple"},"_links":{"self":[{"href":"https:\/\/care4bird.nl\/sv\/wp-json\/wp\/v2\/product\/15543","targetHints":{"allow":["GET"]}}],"collection":[{"href":"https:\/\/care4bird.nl\/sv\/wp-json\/wp\/v2\/product"}],"about":[{"href":"https:\/\/care4bird.nl\/sv\/wp-json\/wp\/v2\/types\/product"}],"wp:featuredmedia":[{"embeddable":true,"href":"https:\/\/care4bird.nl\/sv\/wp-json\/wp\/v2\/media\/15544"}],"wp:attachment":[{"href":"https:\/\/care4bird.nl\/sv\/wp-json\/wp\/v2\/media?parent=15543"}],"wp:term":[{"taxonomy":"product_cat","embeddable":true,"href":"https:\/\/care4bird.nl\/sv\/wp-json\/wp\/v2\/product_cat?post=15543"},{"taxonomy":"product_tag","embeddable":true,"href":"https:\/\/care4bird.nl\/sv\/wp-json\/wp\/v2\/product_tag?post=15543"}],"curies":[{"name":"wp","href":"https:\/\/api.w.org\/{rel}","templated":true}]}}