{"id":15549,"date":"2025-11-03T11:06:31","date_gmt":"2025-11-03T11:06:31","guid":{"rendered":"https:\/\/care4bird.nl\/product\/bathsalt\/"},"modified":"2026-04-17T06:43:50","modified_gmt":"2026-04-17T06:43:50","slug":"bathsalt","status":"publish","type":"product","link":"https:\/\/care4bird.nl\/sv\/produkt\/bathsalt\/","title":{"rendered":"Bathsalt"},"content":{"rendered":"<p><i>Idealiska badsalter f\u00f6r duvor<\/i><\/p>\n<p>Rekommenderas f\u00f6r alla \u00e5rstider och s\u00e4rskilt under ruggningen.<\/p>\n<ul>\n<li>G\u00f6r fj\u00e4drarna mer flexibla<\/li>\n<li>Stimulerar ruggningen av dun och tar bort hudflagor<\/li>\n<li>Starkare fj\u00e4drar<\/li>\n<li>Slappnar av musklerna<\/li>\n<li>Tar bort hudflagor utan att p\u00e5verka duvornas kondition.<\/li>\n<\/ul>\n<h6>Dosering<\/h6>\n<p>1 full m\u00e5ttsked (20 g) per 10 l vatten, en eller tv\u00e5 g\u00e5nger per vecka.<br \/>\nS\u00e4rskilt under ruggning: 2 bad per vecka.<\/p>\n","protected":false},"excerpt":{"rendered":"<p>Idealiska badsalter f\u00f6r duvor Rekommenderas f\u00f6r alla \u00e5rstider och s\u00e4rskilt under ruggningen. G\u00f6r fj\u00e4drarna mer flexibla Stimulerar ruggningen av dun och tar&hellip;<\/p>\n","protected":false},"featured_media":15550,"template":"","meta":[],"product_cat":[330],"product_tag":[],"class_list":{"0":"post-15549","1":"product","2":"type-product","3":"status-publish","4":"has-post-thumbnail","6":"product_cat-kosttillskott-for-duvor","8":"first","9":"instock","10":"shipping-taxable","11":"product-type-simple"},"_links":{"self":[{"href":"https:\/\/care4bird.nl\/sv\/wp-json\/wp\/v2\/product\/15549","targetHints":{"allow":["GET"]}}],"collection":[{"href":"https:\/\/care4bird.nl\/sv\/wp-json\/wp\/v2\/product"}],"about":[{"href":"https:\/\/care4bird.nl\/sv\/wp-json\/wp\/v2\/types\/product"}],"wp:featuredmedia":[{"embeddable":true,"href":"https:\/\/care4bird.nl\/sv\/wp-json\/wp\/v2\/media\/15550"}],"wp:attachment":[{"href":"https:\/\/care4bird.nl\/sv\/wp-json\/wp\/v2\/media?parent=15549"}],"wp:term":[{"taxonomy":"product_cat","embeddable":true,"href":"https:\/\/care4bird.nl\/sv\/wp-json\/wp\/v2\/product_cat?post=15549"},{"taxonomy":"product_tag","embeddable":true,"href":"https:\/\/care4bird.nl\/sv\/wp-json\/wp\/v2\/product_tag?post=15549"}],"curies":[{"name":"wp","href":"https:\/\/api.w.org\/{rel}","templated":true}]}}