{"id":15553,"date":"2025-11-03T11:03:01","date_gmt":"2025-11-03T11:03:01","guid":{"rendered":"https:\/\/care4bird.nl\/product\/orni-super-mix\/"},"modified":"2026-04-17T06:44:40","modified_gmt":"2026-04-17T06:44:40","slug":"orni-super-mix","status":"publish","type":"product","link":"https:\/\/care4bird.nl\/sv\/produkt\/orni-super-mix\/","title":{"rendered":"Orni Super Mix"},"content":{"rendered":"<div>\n<h6>Indikation:<\/h6>\n<p>Ornithos, Mykoplasmos, andningsproblem och canker.<\/p>\n<\/div>\n<h6>Symtom:<\/h6>\n<div>Fj\u00e4derplockning, kl\u00e5da i huvudet, r\u00f6d hals, g\u00e4spningar, inflammerad tredje \u00f6gonlock (s\u00e4rskilt hos unga duvor), smutsiga n\u00e4sor, bl\u00e5aktig hud, svullna huvuden, f\u00f6rkylning i ett \u00f6ga, rinnande \u00f6gon, slem.<\/div>\n<h6>Dosering:<\/h6>\n<div><i>ORNI SUPER MIX PULVER<\/i><br \/>\nF\u00f6rebyggande: 1 m\u00e5ttsked (=5 g) per 2 liter dricksvatten under 1 eller 2 dagar varannan vecka,<\/div>\n<div>helst med start dagen efter t\u00e4vling.<\/div>\n<div>Som behandling: 1 m\u00e5ttsked (=5 g) per 2 liter dricksvatten under 5\u20137 p\u00e5 varandra f\u00f6ljande dagar.<\/div>\n<div>Behandlingen kan upprepas vid behov efter n\u00e5gra dagar.<\/div>\n<div>R\u00f6r om v\u00e4l f\u00f6re anv\u00e4ndning!<\/div>\n<div>Orni Super Mix \u00e4r ett vattenl\u00f6sligt pulver som \u00e4ven kan ges \u00f6ver fodret.<\/div>\n<div>\n<p>M\u00e5ttsked 1+5 g ing\u00e5r.<\/p>\n<p><i>ORNI SUPER MIX TABLETTER<\/i><br \/>\nF\u00f6rebyggande: 1 tablett per duva (400\u2013500 g kroppsvikt) i 1\u20132 dagar i f\u00f6ljd.<br \/>\nBehandling: 1 tablett per duva (400\u2013500 g kroppsvikt) i 3\u20135 dagar i f\u00f6ljd, eller enligt veterin\u00e4rens ordination.<\/p>\n<\/div>\n<h6>Inneh\u00e5ller:<\/h6>\n<p><i>ORNI SUPER MIX PULVER<\/i><br \/>\nDoxycyklin Hyklaat 6 %, Spiramycin Adipat 10 %, Metronidazol 10 %, Bromhexin HCl 2 %, Inaktiva ingredienser upp till 100 g.<\/p>\n<p><i>ORNI SUPER MIX TABLETTER<\/i><br \/>\n<i>Doxycyklin Hyklaat <\/i><i>102 mg\/g; Spiramycin Adipat <\/i><i>80 mg\/g; Metronidazol <\/i><i>100 mg\/g; Bromhexin HCl <\/i><i>20 mg\/g<\/i><\/p>\n","protected":false},"excerpt":{"rendered":"<p>Indikation: Ornithos, Mykoplasmos, andningsproblem och canker. Symtom: Fj\u00e4derplockning, kl\u00e5da i huvudet, r\u00f6d hals, g\u00e4spningar, inflammerad tredje \u00f6gonlock (s\u00e4rskilt hos unga duvor), smutsiga&hellip;<\/p>\n","protected":false},"featured_media":15230,"template":"","meta":[],"product_cat":[328],"product_tag":[],"class_list":{"0":"post-15553","1":"product","2":"type-product","3":"status-publish","4":"has-post-thumbnail","6":"product_cat-lakemedel-for-duvor","8":"first","9":"instock","10":"shipping-taxable","11":"product-type-simple"},"_links":{"self":[{"href":"https:\/\/care4bird.nl\/sv\/wp-json\/wp\/v2\/product\/15553","targetHints":{"allow":["GET"]}}],"collection":[{"href":"https:\/\/care4bird.nl\/sv\/wp-json\/wp\/v2\/product"}],"about":[{"href":"https:\/\/care4bird.nl\/sv\/wp-json\/wp\/v2\/types\/product"}],"wp:featuredmedia":[{"embeddable":true,"href":"https:\/\/care4bird.nl\/sv\/wp-json\/wp\/v2\/media\/15230"}],"wp:attachment":[{"href":"https:\/\/care4bird.nl\/sv\/wp-json\/wp\/v2\/media?parent=15553"}],"wp:term":[{"taxonomy":"product_cat","embeddable":true,"href":"https:\/\/care4bird.nl\/sv\/wp-json\/wp\/v2\/product_cat?post=15553"},{"taxonomy":"product_tag","embeddable":true,"href":"https:\/\/care4bird.nl\/sv\/wp-json\/wp\/v2\/product_tag?post=15553"}],"curies":[{"name":"wp","href":"https:\/\/api.w.org\/{rel}","templated":true}]}}