{"id":15559,"date":"2025-11-03T11:00:43","date_gmt":"2025-11-03T11:00:43","guid":{"rendered":"https:\/\/care4bird.nl\/product\/respiratory-broncho-mix\/"},"modified":"2026-04-17T06:45:31","modified_gmt":"2026-04-17T06:45:31","slug":"respiratory-broncho-mix","status":"publish","type":"product","link":"https:\/\/care4bird.nl\/sv\/produkt\/respiratory-broncho-mix\/","title":{"rendered":"Respiratory Broncho Mix"},"content":{"rendered":"<div>\n<h6>Indikation:<\/h6>\n<\/div>\n<div>Andningssystemet kan infekteras av Chlamydia, Mycoplasma, bakterier (s\u00e4rskilt E. coli), svampar och virus. D\u00e4rf\u00f6r inneh\u00e5ller denna blandning flera aktiva ingredienser.<\/div>\n<h6>Symtom:<\/h6>\n<div>Nysningar, minskad flygning runt duvslaget, t\u00e4vlingsf\u00f6rluster, flytningar fr\u00e5n \u00f6gon och n\u00e4sborrar, svullen vaxhud och bih\u00e5lor, str\u00e4ckning av halsen och sv\u00e4ljning, g\u00e4spningar, slemmig gr\u00f6n avf\u00f6ring.<\/div>\n<h6>Dosering:<\/h6>\n<div><i>RESPIRATORY BRONCHO MIX PULVER<\/i><\/div>\n<div>F\u00f6rebyggande: 1 m\u00e5ttsked (=5 g) per 2 liter dricksvatten under 1 eller 2 dagar varannan vecka,<\/div>\n<div>helst med start dagen efter t\u00e4vling.<\/div>\n<div>Som behandling: 1 m\u00e5ttsked (=5 g) per 2 liter dricksvatten under 5\u20137 p\u00e5 varandra f\u00f6ljande dagar.<\/div>\n<div>Behandlingen kan upprepas vid behov efter n\u00e5gra dagar.<\/div>\n<div>R\u00f6r om v\u00e4l f\u00f6re anv\u00e4ndning!<\/div>\n<div>Respiratory Broncho Mix \u00e4r ett vattenl\u00f6sligt pulver som \u00e4ven kan ges \u00f6ver fodret.<\/div>\n<div>\n<p>M\u00e5ttsked 1+5 g ing\u00e5r.<\/p>\n<p><i>RESPIRATORY BRONCHO TABLETTER<\/i><\/p>\n<\/div>\n<p>F\u00f6rebyggande: 1 tablett per duva (400\u2013500 g kroppsvikt) i 1\u20132 dagar i f\u00f6ljd.<br \/>\nBehandling: 1 tablett per duva (400\u2013500 g kroppsvikt) i 3\u20135 dagar i f\u00f6ljd, eller enligt veterin\u00e4rens ordination.<\/p>\n<h6>Inneh\u00e5ller:<\/h6>\n<p><i>RESPIRATORY BRONCHO MIX PULVER<\/i><br \/>\nErytromycin Thioc 3,5 %, Neomycin Sulf. 1,0 %, Streptomycin Sulf. 3,5 %, Futaltadone HCl 6,0 %, Oxytetracyklin HCl 5,0 %, Vitaminer,<br \/>\nInaktiva ingredienser upp till 100 g.<\/p>\n<p><i>RESPIRATORY BRONCHO TABLETTER<\/i><br \/>\nLinkomycin 250 mg\/g ; Spektinomycin 75 mg\/g<\/p>\n","protected":false},"excerpt":{"rendered":"<p>Indikation: Andningssystemet kan infekteras av Chlamydia, Mycoplasma, bakterier (s\u00e4rskilt E. coli), svampar och virus. D\u00e4rf\u00f6r inneh\u00e5ller denna blandning flera aktiva ingredienser. Symtom:&hellip;<\/p>\n","protected":false},"featured_media":15231,"template":"","meta":[],"product_cat":[328],"product_tag":[],"class_list":{"0":"post-15559","1":"product","2":"type-product","3":"status-publish","4":"has-post-thumbnail","6":"product_cat-lakemedel-for-duvor","8":"first","9":"instock","10":"shipping-taxable","11":"product-type-simple"},"_links":{"self":[{"href":"https:\/\/care4bird.nl\/sv\/wp-json\/wp\/v2\/product\/15559","targetHints":{"allow":["GET"]}}],"collection":[{"href":"https:\/\/care4bird.nl\/sv\/wp-json\/wp\/v2\/product"}],"about":[{"href":"https:\/\/care4bird.nl\/sv\/wp-json\/wp\/v2\/types\/product"}],"wp:featuredmedia":[{"embeddable":true,"href":"https:\/\/care4bird.nl\/sv\/wp-json\/wp\/v2\/media\/15231"}],"wp:attachment":[{"href":"https:\/\/care4bird.nl\/sv\/wp-json\/wp\/v2\/media?parent=15559"}],"wp:term":[{"taxonomy":"product_cat","embeddable":true,"href":"https:\/\/care4bird.nl\/sv\/wp-json\/wp\/v2\/product_cat?post=15559"},{"taxonomy":"product_tag","embeddable":true,"href":"https:\/\/care4bird.nl\/sv\/wp-json\/wp\/v2\/product_tag?post=15559"}],"curies":[{"name":"wp","href":"https:\/\/api.w.org\/{rel}","templated":true}]}}