{"id":15565,"date":"2025-11-03T11:00:07","date_gmt":"2025-11-03T11:00:07","guid":{"rendered":"https:\/\/care4bird.nl\/product\/worm-care\/"},"modified":"2026-04-17T06:46:26","modified_gmt":"2026-04-17T06:46:26","slug":"worm-care","status":"publish","type":"product","link":"https:\/\/care4bird.nl\/sv\/produkt\/worm-care\/","title":{"rendered":"Worm Care"},"content":{"rendered":"<div>\n<h6>Indikation:<\/h6>\n<p>Infektioner med h\u00e5rmask och rundmask hos duvor (Capillaria spp och Ascaridia spp)<\/p>\n<\/div>\n<h6>Symtom:<\/h6>\n<div>F\u00e5glarna g\u00e5r ner i vikt. Kraftigt infekterade duvor visar vanligtvis nedsatt allm\u00e4ntillst\u00e5nd och \u00e4r sl\u00f6a och apatiska, med matt och ruggig fj\u00e4derdr\u00e4kt samt avf\u00f6ring med varierande konsistens.<\/div>\n<h6>Dosering:<\/h6>\n<div><i>WORM CARE PULVER<\/i><br \/>\n5 g per 2 L dricksvatten (40 duvor), i 1 eller 2 dagar. Duvor b\u00f6r inte avmaskas n\u00e4r de matar ungar eller under huvudruggningen. Upprepa behandlingen efter 10\u201312 dagar.<br \/>\nWorm Care \u00e4r ett vattenl\u00f6sligt pulver som \u00e4ven kan ges \u00f6ver fodret.<\/div>\n<div><i>WORM CARE TABLETTER<\/i><br \/>\n1 tablett per duva (400\u2013500 g kroppsvikt) under 1 dag. Upprepa behandlingen efter 10\u201312 dagar.<\/div>\n<h6>Inneh\u00e5ller:<\/h6>\n<p><i>WORM CARE PULVER<\/i><br \/>\nLevamisol HCl 16 %, Inaktiva ingredienser upp till 100 g.<\/p>\n<p><i>WORM CARE TABLETTER<\/i><br \/>\nFlubendazol 66,7 mg\/g<\/p>\n","protected":false},"excerpt":{"rendered":"<p>Indikation: Infektioner med h\u00e5rmask och rundmask hos duvor (Capillaria spp och Ascaridia spp) Symtom: F\u00e5glarna g\u00e5r ner i vikt. Kraftigt infekterade duvor&hellip;<\/p>\n","protected":false},"featured_media":15232,"template":"","meta":[],"product_cat":[328],"product_tag":[],"class_list":{"0":"post-15565","1":"product","2":"type-product","3":"status-publish","4":"has-post-thumbnail","6":"product_cat-lakemedel-for-duvor","8":"first","9":"instock","10":"shipping-taxable","11":"product-type-simple"},"_links":{"self":[{"href":"https:\/\/care4bird.nl\/sv\/wp-json\/wp\/v2\/product\/15565","targetHints":{"allow":["GET"]}}],"collection":[{"href":"https:\/\/care4bird.nl\/sv\/wp-json\/wp\/v2\/product"}],"about":[{"href":"https:\/\/care4bird.nl\/sv\/wp-json\/wp\/v2\/types\/product"}],"wp:featuredmedia":[{"embeddable":true,"href":"https:\/\/care4bird.nl\/sv\/wp-json\/wp\/v2\/media\/15232"}],"wp:attachment":[{"href":"https:\/\/care4bird.nl\/sv\/wp-json\/wp\/v2\/media?parent=15565"}],"wp:term":[{"taxonomy":"product_cat","embeddable":true,"href":"https:\/\/care4bird.nl\/sv\/wp-json\/wp\/v2\/product_cat?post=15565"},{"taxonomy":"product_tag","embeddable":true,"href":"https:\/\/care4bird.nl\/sv\/wp-json\/wp\/v2\/product_tag?post=15565"}],"curies":[{"name":"wp","href":"https:\/\/api.w.org\/{rel}","templated":true}]}}