{"id":15579,"date":"2025-11-03T10:58:02","date_gmt":"2025-11-03T10:58:02","guid":{"rendered":"https:\/\/care4bird.nl\/product\/caremycin\/"},"modified":"2026-04-17T06:48:09","modified_gmt":"2026-04-17T06:48:09","slug":"caremycin","status":"publish","type":"product","link":"https:\/\/care4bird.nl\/sv\/produkt\/caremycin\/","title":{"rendered":"Caremycin"},"content":{"rendered":"<h6>Indikation:<\/h6>\n<p>Salmonellos (paratyfus), E. coli, vanliga bakteriella infektioner<\/p>\n<h6>Dosering<\/h6>\n<p>F\u00f6rebyggande: 5 g Caremycin per 5 liter dricksvatten eller 1 p\u00e5se per 25 liter dricksvatten i 4-5 p\u00e5 varandra f\u00f6ljande dagar.<\/p>\n<p>Behandling: 5 g Caremycin per 2,5 liter dricksvatten eller 1 p\u00e5se per 12,5 liter dricksvatten i 4-5 p\u00e5 varandra f\u00f6ljande dagar. Under t\u00e4vlingss\u00e4song: ankomstdag: 5 g Cefamycin per 2,5 liter dricksvatten eller 1 p\u00e5se per 12,5 liter dricksvatten i 1-2 p\u00e5 varandra f\u00f6ljande dagar.<\/p>\n<p>&nbsp;<\/p>\n<h6>Interaktioner: ok\u00e4nda<\/h6>\n<h6>Kontraindikationer: administrering med bromhexin och \u00f6verdosering<\/h6>\n<h6>Anv\u00e4ndningsr\u00e5d :<\/h6>\n<ul>\n<li>Placera sjuka djur i karant\u00e4n<\/li>\n<li>Behandla alla djur, inte bara de sjuka<\/li>\n<li>Blanda den rekommenderade dosen i dricksvattnet<\/li>\n<li>S\u00e4kerst\u00e4ll att inget annat vatten finns tillg\u00e4ngligt under behandlingen<\/li>\n<li>Efter behandlingen, ge Care 4 Birds MULTIVIT MIX (dagen efter sista behandlingsdagen)<\/li>\n<li>Desinficera duvslag med Care 4 Birds LOFT CLEANER<\/li>\n<li>Ge inte p\u00e5 avresedagen<\/li>\n<li>Vid tveksamhet eller ih\u00e5llande problem, konsultera en expert<\/li>\n<\/ul>\n<h6>ANM\u00c4RKNINGAR: L\u00c4S INSTRUKTIONERNA F\u00d6RE ANV\u00c4NDNING.<\/h6>\n<ul>\n<li>Inneh\u00e5ller 25 g veterin\u00e4rmedicin f\u00f6r f\u00e5glar<\/li>\n<li>F\u00f6rvaras torrt, skyddat fr\u00e5n direkt solljus, mellan 0 och 30 \u00b0C<\/li>\n<li>Begr\u00e4nsad h\u00e5llbarhet efter \u00f6ppning<\/li>\n<li>F\u00f6rvaras o\u00e5tkomligt f\u00f6r barn<\/li>\n<li>Endast f\u00f6r djurbehandling. Ej f\u00f6r djur avsedda f\u00f6r livsmedelsproduktion<\/li>\n<li>Undvik kontakt av l\u00e4kemedlet med h\u00e4nderna<\/li>\n<li>Veterin\u00e4rmedicinen marknadsf\u00f6rs enligt undantagsregler f\u00f6r sm\u00e5djur<\/li>\n<\/ul>\n<h6>Inneh\u00e5ller per 25 g:<\/h6>\n<p>Klorotetracyklin HCl 3,125 g ; Furaltadon HCl 3,125 g ; Kloramfenikol 2,000 g<\/p>\n","protected":false},"excerpt":{"rendered":"<p>Indikation: Salmonellos (paratyfus), E. coli, vanliga bakteriella infektioner Dosering F\u00f6rebyggande: 5 g Caremycin per 5 liter dricksvatten eller 1 p\u00e5se per 25&hellip;<\/p>\n","protected":false},"featured_media":15580,"template":"","meta":[],"product_cat":[328],"product_tag":[],"class_list":{"0":"post-15579","1":"product","2":"type-product","3":"status-publish","4":"has-post-thumbnail","6":"product_cat-lakemedel-for-duvor","8":"first","9":"instock","10":"shipping-taxable","11":"product-type-simple"},"_links":{"self":[{"href":"https:\/\/care4bird.nl\/sv\/wp-json\/wp\/v2\/product\/15579","targetHints":{"allow":["GET"]}}],"collection":[{"href":"https:\/\/care4bird.nl\/sv\/wp-json\/wp\/v2\/product"}],"about":[{"href":"https:\/\/care4bird.nl\/sv\/wp-json\/wp\/v2\/types\/product"}],"wp:featuredmedia":[{"embeddable":true,"href":"https:\/\/care4bird.nl\/sv\/wp-json\/wp\/v2\/media\/15580"}],"wp:attachment":[{"href":"https:\/\/care4bird.nl\/sv\/wp-json\/wp\/v2\/media?parent=15579"}],"wp:term":[{"taxonomy":"product_cat","embeddable":true,"href":"https:\/\/care4bird.nl\/sv\/wp-json\/wp\/v2\/product_cat?post=15579"},{"taxonomy":"product_tag","embeddable":true,"href":"https:\/\/care4bird.nl\/sv\/wp-json\/wp\/v2\/product_tag?post=15579"}],"curies":[{"name":"wp","href":"https:\/\/api.w.org\/{rel}","templated":true}]}}