{"id":15584,"date":"2025-11-03T10:57:19","date_gmt":"2025-11-03T10:57:19","guid":{"rendered":"https:\/\/care4bird.nl\/product\/tricho-magic\/"},"modified":"2026-04-17T06:57:14","modified_gmt":"2026-04-17T06:57:14","slug":"tricho-magic","status":"publish","type":"product","link":"https:\/\/care4bird.nl\/sv\/produkt\/tricho-magic\/","title":{"rendered":"Tricho Magic"},"content":{"rendered":"<div>\n<h6>Indikation:<\/h6>\n<p>Canker (Trichomonasinfektion, Hexamitiasis). Tricho Magic \u00e4r en produkt som \u00e4r s\u00e4rskilt effektiv mot infektioner orsakade av trichomonader och hexamiter hos duvor. Under t\u00e4vlingss\u00e4songen \u00e4r regelbundna behandlingar f\u00f6r dessa infektioner n\u00f6dv\u00e4ndiga. Unga f\u00e5glar med allvarliga tarminfektioner orsakade av hexamiter \u00e4r mer mottagliga f\u00f6r en besv\u00e4rlig E. coli-infektion. S\u00e4kerhetsmarginalen \u00e4r betydande<\/p>\n<\/div>\n<div>inklusive f\u00f6r unga djur.<\/div>\n<h6>Symtom :<\/h6>\n<div>D\u00e5lig kondition, d\u00e5liga t\u00e4vlingsresultat, gult material i hals och n\u00e4bb, mer slem \u00e4n normalt, r\u00f6d hals, \u00f6kat vattenintag (&#8221;v\u00e5ta bon&#8221;).<\/div>\n<h6>Dosering :<\/h6>\n<div><i>TRICHO MAGIC PULVER<\/i><br \/>\nF\u00f6rebyggande: 2 m\u00e5ttskedar (=2 g) \/1 liter dricksvatten under 1 eller 2 dagar varannan vecka, helst med start dagen efter t\u00e4vling.<\/div>\n<div>Som behandling under t\u00e4vlingss\u00e4song: 2 m\u00e5ttskedar (=2 g) \/1 liter dricksvatten under<\/div>\n<div>5\u20137 p\u00e5 varandra f\u00f6ljande dagar. Behandlingen kan upprepas vid behov efter n\u00e5gra dagar. R\u00f6r om v\u00e4l f\u00f6re anv\u00e4ndning!<\/div>\n<div>Tricho Magic \u00e4r ett vattenl\u00f6sligt pulver som \u00e4ven kan ges \u00f6ver fodret.<\/div>\n<div>\n<p>M\u00e5ttsked 1+5 g ing\u00e5r.<\/p>\n<p><i>TRICHO MAGIC TABLETTER<\/i><br \/>\nF\u00f6rebyggande: 1 tablett per duva (400\u2013500 g kroppsvikt) i 1\u20132 dagar i f\u00f6ljd.<br \/>\nBehandling: 1 tablett per duva (400\u2013500 g kroppsvikt) i 3\u20135 dagar i f\u00f6ljd, eller enligt veterin\u00e4rens ordination.<\/p>\n<\/div>\n<h6>Inneh\u00e5ller :<\/h6>\n<div><i>TRICHO MAGIC PULVER<\/i><br \/>\nRonidazol 8 %, Metronidazol 10 %, Inaktiva ingredienser upp till 100 g.<i>TRICHO MAGIC TABLETTER<\/i><br \/>\nCarnidazol 40 mg\/g<\/div>\n","protected":false},"excerpt":{"rendered":"<p>Indikation: Canker (Trichomonasinfektion, Hexamitiasis). Tricho Magic \u00e4r en produkt som \u00e4r s\u00e4rskilt effektiv mot infektioner orsakade av trichomonader och hexamiter hos duvor.&hellip;<\/p>\n","protected":false},"featured_media":15235,"template":"","meta":[],"product_cat":[328],"product_tag":[],"class_list":{"0":"post-15584","1":"product","2":"type-product","3":"status-publish","4":"has-post-thumbnail","6":"product_cat-lakemedel-for-duvor","8":"first","9":"instock","10":"shipping-taxable","11":"product-type-simple"},"_links":{"self":[{"href":"https:\/\/care4bird.nl\/sv\/wp-json\/wp\/v2\/product\/15584","targetHints":{"allow":["GET"]}}],"collection":[{"href":"https:\/\/care4bird.nl\/sv\/wp-json\/wp\/v2\/product"}],"about":[{"href":"https:\/\/care4bird.nl\/sv\/wp-json\/wp\/v2\/types\/product"}],"wp:featuredmedia":[{"embeddable":true,"href":"https:\/\/care4bird.nl\/sv\/wp-json\/wp\/v2\/media\/15235"}],"wp:attachment":[{"href":"https:\/\/care4bird.nl\/sv\/wp-json\/wp\/v2\/media?parent=15584"}],"wp:term":[{"taxonomy":"product_cat","embeddable":true,"href":"https:\/\/care4bird.nl\/sv\/wp-json\/wp\/v2\/product_cat?post=15584"},{"taxonomy":"product_tag","embeddable":true,"href":"https:\/\/care4bird.nl\/sv\/wp-json\/wp\/v2\/product_tag?post=15584"}],"curies":[{"name":"wp","href":"https:\/\/api.w.org\/{rel}","templated":true}]}}