{"id":15590,"date":"2025-11-03T10:55:55","date_gmt":"2025-11-03T10:55:55","guid":{"rendered":"https:\/\/care4bird.nl\/product\/fungi-stop\/"},"modified":"2026-04-17T06:58:09","modified_gmt":"2026-04-17T06:58:09","slug":"fungi-stop","status":"publish","type":"product","link":"https:\/\/care4bird.nl\/sv\/produkt\/fungi-stop\/","title":{"rendered":"Fungi Stop"},"content":{"rendered":"<div>\n<h6>Indikation:<\/h6>\n<p>Betydelsen f\u00f6r duvuppf\u00f6dare \u00e4r att vissa typer av svampar trivs p\u00e5 spannm\u00e5l. D\u00e5lig hygien kan ocks\u00e5 sprida j\u00e4stsvamp. De flesta friska f\u00e5glar p\u00e5verkas inte, men \u00e4ldre, sjuka och stressade f\u00e5glar utvecklar ofta j\u00e4stinfektioner. Dessa sekund\u00e4ra infektioner belastar deras redan \u00f6veranstr\u00e4ngda immunf\u00f6rsvar och st\u00f6r l\u00e4kningsprocessen.<\/p>\n<\/div>\n<h6>Symtom :<\/h6>\n<div>F\u00e5glar rufsar upp fj\u00e4drarna, d\u00e5lig aptit, kr\u00e4kningar, svullen kr\u00e4va, andningssv\u00e5righeter, ofta i kombination med diarr\u00e9<\/div>\n<h6>Dosering :<\/h6>\n<div><i>FUNGI STOP PULVER<\/i><br \/>\nFoderdosering: f\u00e5glar i allm\u00e4nhet: 5 g \/ 500 g foder, tv\u00e5 g\u00e5nger dagligen, i 5\u20137 dagar.<\/div>\n<div>Dricksvattendosering: f\u00e5glar i allm\u00e4nhet: 5 g \/ 1 L dricksvatten, tv\u00e5 g\u00e5nger dagligen, i 5\u20137 dagar.<\/div>\n<div>R\u00f6r om v\u00e4l f\u00f6re anv\u00e4ndning!<\/div>\n<div>F\u00f6r f\u00f6rebyggande: ge citronsyra 5 ml per 1 liter dricksvatten dagligen.<\/div>\n<div>\n<p>M\u00e5ttsked 1+5 g ing\u00e5r.<\/p>\n<p><i>FUNGI STOP TABLETTER<\/i><br \/>\nBehandling: 1 tablett per duva (400\u2013500 g kroppsvikt) i 3\u20135 dagar i f\u00f6ljd, eller enligt veterin\u00e4rens ordination.<\/p>\n<\/div>\n<h6>Inneh\u00e5ller :<\/h6>\n<p><i>FUNGI STOP PULVER<\/i><br \/>\n200 000 IE Nystatin per gram. Inaktiva ingredienser upp till 100 g.<\/p>\n<p><i>FUNGI STOP TABLETTER<\/i><br \/>\nKetokonazol 75 mg\/g<\/p>\n","protected":false},"excerpt":{"rendered":"<p>Indikation: Betydelsen f\u00f6r duvuppf\u00f6dare \u00e4r att vissa typer av svampar trivs p\u00e5 spannm\u00e5l. D\u00e5lig hygien kan ocks\u00e5 sprida j\u00e4stsvamp. De flesta friska&hellip;<\/p>\n","protected":false},"featured_media":15236,"template":"","meta":[],"product_cat":[328],"product_tag":[],"class_list":{"0":"post-15590","1":"product","2":"type-product","3":"status-publish","4":"has-post-thumbnail","6":"product_cat-lakemedel-for-duvor","8":"first","9":"instock","10":"shipping-taxable","11":"product-type-simple"},"_links":{"self":[{"href":"https:\/\/care4bird.nl\/sv\/wp-json\/wp\/v2\/product\/15590","targetHints":{"allow":["GET"]}}],"collection":[{"href":"https:\/\/care4bird.nl\/sv\/wp-json\/wp\/v2\/product"}],"about":[{"href":"https:\/\/care4bird.nl\/sv\/wp-json\/wp\/v2\/types\/product"}],"wp:featuredmedia":[{"embeddable":true,"href":"https:\/\/care4bird.nl\/sv\/wp-json\/wp\/v2\/media\/15236"}],"wp:attachment":[{"href":"https:\/\/care4bird.nl\/sv\/wp-json\/wp\/v2\/media?parent=15590"}],"wp:term":[{"taxonomy":"product_cat","embeddable":true,"href":"https:\/\/care4bird.nl\/sv\/wp-json\/wp\/v2\/product_cat?post=15590"},{"taxonomy":"product_tag","embeddable":true,"href":"https:\/\/care4bird.nl\/sv\/wp-json\/wp\/v2\/product_tag?post=15590"}],"curies":[{"name":"wp","href":"https:\/\/api.w.org\/{rel}","templated":true}]}}