{"id":15596,"date":"2025-11-03T10:54:21","date_gmt":"2025-11-03T10:54:21","guid":{"rendered":"https:\/\/care4bird.nl\/product\/combi-mix\/"},"modified":"2026-04-17T06:59:03","modified_gmt":"2026-04-17T06:59:03","slug":"combi-mix","status":"publish","type":"product","link":"https:\/\/care4bird.nl\/sv\/produkt\/combi-mix\/","title":{"rendered":"Combi Mix"},"content":{"rendered":"<div>\n<h6>Indikation:<\/h6>\n<p>Combi Mix 4 i 1 \u00e4r mycket l\u00e4mplig f\u00f6r behandling av trichomonas, hexamitiasis, koccidios och slem i halsen. Under t\u00e4vlingss\u00e4songen \u00e4r det viktigt att duvorna \u00e4r i optimal kondition s\u00e5 att inget hindrar deras prestation. Combi Mix 4 i 1 hj\u00e4lper till att uppn\u00e5 detta och kan ges b\u00e5de f\u00f6rebyggande och kurativt.<\/p>\n<\/div>\n<h6>Symtom :<\/h6>\n<div>D\u00e5lig kondition, st\u00f6rd matsm\u00e4ltning, platta och vattniga avf\u00f6ringar. Duvans hals inneh\u00e5ller mer slem \u00e4n normalt och har en r\u00f6daktig f\u00e4rg, sm\u00e5 vita till gulaktiga omr\u00e5den i munh\u00e5lan, andningsproblem.<\/div>\n<h6>Dosering :<\/h6>\n<div><i>COMBI MIX 4 I 1 PULVER<\/i><br \/>\nF\u00f6rebyggande: 1 m\u00e5ttsked (=5 g) per 2 liter dricksvatten under 1 eller 2 dagar varannan vecka, helst med start dagen efter t\u00e4vling. R\u00f6r om v\u00e4l f\u00f6re anv\u00e4ndning!<\/div>\n<div>Som behandling: 1 m\u00e5ttsked (=5 g) per 2 liter dricksvatten under 5\u20137 p\u00e5 varandra f\u00f6ljande dagar.<\/div>\n<div>Behandlingen kan upprepas vid behov efter n\u00e5gra dagar.<\/div>\n<div>Combi Mix 4 i 1 \u00e4r ett vattenl\u00f6sligt pulver som \u00e4ven kan ges \u00f6ver fodret.<\/div>\n<div>\n<p>M\u00e5ttsked 1+5 g ing\u00e5r.<\/p>\n<p><i>COMBI TABLETTER<\/i><br \/>\nF\u00f6rebyggande: 1 tablett per duva (400\u2013500 g kroppsvikt) i 1\u20132 dagar i f\u00f6ljd.<br \/>\nBehandling: 1 tablett per duva (400\u2013500 g kroppsvikt) i 3\u20135 dagar i f\u00f6ljd, eller enligt veterin\u00e4rens ordination.<\/p>\n<\/div>\n<h6>Inneh\u00e5ller :<\/h6>\n<p><i>COMBI MIX PULVER :<\/i><br \/>\nAmprolium 10 %, Secnidazol 15 %, inaktiva ingredienser upp till 100 g.<\/p>\n<p>COMBI TABLETTER<br \/>\nAmprolium HCl 96 mg\/g ; Dimetridazol HCl 50 mg\/g<\/p>\n","protected":false},"excerpt":{"rendered":"<p>Indikation: Combi Mix 4 i 1 \u00e4r mycket l\u00e4mplig f\u00f6r behandling av trichomonas, hexamitiasis, koccidios och slem i halsen. Under t\u00e4vlingss\u00e4songen \u00e4r&hellip;<\/p>\n","protected":false},"featured_media":15237,"template":"","meta":[],"product_cat":[328],"product_tag":[],"class_list":{"0":"post-15596","1":"product","2":"type-product","3":"status-publish","4":"has-post-thumbnail","6":"product_cat-lakemedel-for-duvor","8":"first","9":"instock","10":"shipping-taxable","11":"product-type-simple"},"_links":{"self":[{"href":"https:\/\/care4bird.nl\/sv\/wp-json\/wp\/v2\/product\/15596","targetHints":{"allow":["GET"]}}],"collection":[{"href":"https:\/\/care4bird.nl\/sv\/wp-json\/wp\/v2\/product"}],"about":[{"href":"https:\/\/care4bird.nl\/sv\/wp-json\/wp\/v2\/types\/product"}],"wp:featuredmedia":[{"embeddable":true,"href":"https:\/\/care4bird.nl\/sv\/wp-json\/wp\/v2\/media\/15237"}],"wp:attachment":[{"href":"https:\/\/care4bird.nl\/sv\/wp-json\/wp\/v2\/media?parent=15596"}],"wp:term":[{"taxonomy":"product_cat","embeddable":true,"href":"https:\/\/care4bird.nl\/sv\/wp-json\/wp\/v2\/product_cat?post=15596"},{"taxonomy":"product_tag","embeddable":true,"href":"https:\/\/care4bird.nl\/sv\/wp-json\/wp\/v2\/product_tag?post=15596"}],"curies":[{"name":"wp","href":"https:\/\/api.w.org\/{rel}","templated":true}]}}