{"id":15602,"date":"2025-11-03T10:52:56","date_gmt":"2025-11-03T10:52:56","guid":{"rendered":"https:\/\/care4bird.nl\/product\/intestinal\/"},"modified":"2026-04-17T06:59:57","modified_gmt":"2026-04-17T06:59:57","slug":"intestinal","status":"publish","type":"product","link":"https:\/\/care4bird.nl\/sv\/produkt\/intestinal\/","title":{"rendered":"Intestinal"},"content":{"rendered":"<div>\n<h6>Indikation:<\/h6>\n<p>Adeno-Coli-syndrom, koccidios, canker och bakteriella infektioner i allm\u00e4nhet. Denna blandning inneh\u00e5ller en kombination av aktiva komponenter som \u00e4r effektiva mot adeno\/E. coli-syndromet och koccidios. Adeno\/E. coli-syndromet \u00e4r ett problem som f\u00f6rekommer hos unga duvpopulationer och kan vara mycket skadligt. Tidig behandling \u00e4r viktig.<\/p>\n<\/div>\n<h6>Symtom :<\/h6>\n<div>Viktnedg\u00e5ng och f\u00f6rs\u00e4mrat allm\u00e4ntillst\u00e5nd, kr\u00e4kningar, slemmig och gr\u00f6n avf\u00f6ring, d\u00f6d.<\/div>\n<h6>Dosering :<\/h6>\n<div><i>INTESTINAL PULVER<\/i><br \/>\nF\u00f6rebyggande: 1 m\u00e5ttsked (=5 g) per 2 liter dricksvatten under 1 eller 2 dagar varannan vecka, helst med start dagen efter t\u00e4vling.<\/div>\n<div>Som behandling: 1 m\u00e5ttsked (=5 g) per 2 liter dricksvatten under 5\u20137 p\u00e5 varandra f\u00f6ljande dagar.<\/div>\n<div>R\u00f6r om v\u00e4l f\u00f6re anv\u00e4ndning!<\/div>\n<div>Behandlingen kan upprepas vid behov efter n\u00e5gra dagar.<\/div>\n<div>Intestinal \u00e4r ett vattenl\u00f6sligt pulver som \u00e4ven kan ges \u00f6ver fodret.<\/div>\n<div>\n<p>M\u00e5ttsked 1+5 g ing\u00e5r.<\/p>\n<p><i>INTESTINAL TABLETTER<\/i><br \/>\nF\u00f6rebyggande: 1 tablett per duva (400\u2013500 g kroppsvikt) i 1\u20132 dagar i f\u00f6ljd.<br \/>\nBehandling: 1 tablett per duva (400\u2013500 g kroppsvikt) i 3\u20135 dagar i f\u00f6ljd, eller enligt veterin\u00e4rens ordination.<\/p>\n<\/div>\n<h6>Inneh\u00e5ller :<\/h6>\n<p><i>INTESTINAL PULVER<\/i><br \/>\nTrimetoprim 2,5 %, Sulfadiazin natrium 12,5 %, Furaltadon HCl 5 %, Ronidazol 5 %, inaktiva ingredienser upp till 100 g.<\/p>\n<p><i>INTESTINAL TABLETTER<\/i><br \/>\nTrimetoprim 37,5 mg\/g ; Sulfametoxazol 187,5 mg\/g<\/p>\n","protected":false},"excerpt":{"rendered":"<p>Indikation: Adeno-Coli-syndrom, koccidios, canker och bakteriella infektioner i allm\u00e4nhet. Denna blandning inneh\u00e5ller en kombination av aktiva komponenter som \u00e4r effektiva mot adeno\/E.&hellip;<\/p>\n","protected":false},"featured_media":15238,"template":"","meta":[],"product_cat":[328],"product_tag":[],"class_list":{"0":"post-15602","1":"product","2":"type-product","3":"status-publish","4":"has-post-thumbnail","6":"product_cat-lakemedel-for-duvor","8":"first","9":"instock","10":"shipping-taxable","11":"product-type-simple"},"_links":{"self":[{"href":"https:\/\/care4bird.nl\/sv\/wp-json\/wp\/v2\/product\/15602","targetHints":{"allow":["GET"]}}],"collection":[{"href":"https:\/\/care4bird.nl\/sv\/wp-json\/wp\/v2\/product"}],"about":[{"href":"https:\/\/care4bird.nl\/sv\/wp-json\/wp\/v2\/types\/product"}],"wp:featuredmedia":[{"embeddable":true,"href":"https:\/\/care4bird.nl\/sv\/wp-json\/wp\/v2\/media\/15238"}],"wp:attachment":[{"href":"https:\/\/care4bird.nl\/sv\/wp-json\/wp\/v2\/media?parent=15602"}],"wp:term":[{"taxonomy":"product_cat","embeddable":true,"href":"https:\/\/care4bird.nl\/sv\/wp-json\/wp\/v2\/product_cat?post=15602"},{"taxonomy":"product_tag","embeddable":true,"href":"https:\/\/care4bird.nl\/sv\/wp-json\/wp\/v2\/product_tag?post=15602"}],"curies":[{"name":"wp","href":"https:\/\/api.w.org\/{rel}","templated":true}]}}