{"id":15610,"date":"2025-11-03T10:52:08","date_gmt":"2025-11-03T10:52:08","guid":{"rendered":"https:\/\/care4bird.nl\/product\/eye-drops\/"},"modified":"2026-04-17T07:00:50","modified_gmt":"2026-04-17T07:00:50","slug":"eye-drops","status":"publish","type":"product","link":"https:\/\/care4bird.nl\/sv\/produkt\/eye-drops\/","title":{"rendered":"Eye drops"},"content":{"rendered":"<div>\n<h6>Dosering<\/h6>\n<\/div>\n<div>alla typer av infektioner; \u00f6gon- eller \u00f6ronsjukdomar orsakade av gram + och &#8211; bakterier<\/div>\n<h6>Dosering<\/h6>\n<div>1-2 droppar eller enligt veterin\u00e4rens ordination<\/div>\n<h6>Behandling<\/h6>\n<div>\n<p>1-2 g\u00e5nger dagligen tills f\u00f6rb\u00e4ttring ses, eller enligt veterin\u00e4rens ordination<\/p>\n<\/div>\n<div><b>PRODUKTEN INNEH\u00c5LLER STEROID.<\/b><\/div>\n<h6>Formel<\/h6>\n<div>inneh\u00e5ller: Prednisolon natriumfosfat 55 mg\/g, Neomycinsulfat 50 mg\/g<\/div>\n<h6>Inneh\u00e5ll :<\/h6>\n<div>10 ml veterin\u00e4rmedicin f\u00f6r f\u00e5glar<\/div>\n","protected":false},"excerpt":{"rendered":"<p>Dosering alla typer av infektioner; \u00f6gon- eller \u00f6ronsjukdomar orsakade av gram + och &#8211; bakterier Dosering 1-2 droppar eller enligt veterin\u00e4rens ordination&hellip;<\/p>\n","protected":false},"featured_media":15611,"template":"","meta":[],"product_cat":[328],"product_tag":[],"class_list":{"0":"post-15610","1":"product","2":"type-product","3":"status-publish","4":"has-post-thumbnail","6":"product_cat-lakemedel-for-duvor","8":"first","9":"instock","10":"shipping-taxable","11":"product-type-simple"},"_links":{"self":[{"href":"https:\/\/care4bird.nl\/sv\/wp-json\/wp\/v2\/product\/15610","targetHints":{"allow":["GET"]}}],"collection":[{"href":"https:\/\/care4bird.nl\/sv\/wp-json\/wp\/v2\/product"}],"about":[{"href":"https:\/\/care4bird.nl\/sv\/wp-json\/wp\/v2\/types\/product"}],"wp:featuredmedia":[{"embeddable":true,"href":"https:\/\/care4bird.nl\/sv\/wp-json\/wp\/v2\/media\/15611"}],"wp:attachment":[{"href":"https:\/\/care4bird.nl\/sv\/wp-json\/wp\/v2\/media?parent=15610"}],"wp:term":[{"taxonomy":"product_cat","embeddable":true,"href":"https:\/\/care4bird.nl\/sv\/wp-json\/wp\/v2\/product_cat?post=15610"},{"taxonomy":"product_tag","embeddable":true,"href":"https:\/\/care4bird.nl\/sv\/wp-json\/wp\/v2\/product_tag?post=15610"}],"curies":[{"name":"wp","href":"https:\/\/api.w.org\/{rel}","templated":true}]}}