{"id":15614,"date":"2025-11-03T10:51:24","date_gmt":"2025-11-03T10:51:24","guid":{"rendered":"https:\/\/care4bird.nl\/product\/general-care\/"},"modified":"2026-04-17T07:01:35","modified_gmt":"2026-04-17T07:01:35","slug":"general-care","status":"publish","type":"product","link":"https:\/\/care4bird.nl\/sv\/produkt\/general-care\/","title":{"rendered":"General Care"},"content":{"rendered":"<div>\n<h6>Indikation:<\/h6>\n<p>Canker (trichomonasinfektion, hexamitiasis), paratyfus, E. coli och bakteriella infektioner i allm\u00e4nhet.<\/p>\n<\/div>\n<h6>Symtom :<\/h6>\n<div>Viktnedg\u00e5ng och f\u00f6rs\u00e4mrat allm\u00e4ntillst\u00e5nd, slemmig och gr\u00f6n avf\u00f6ring, svullna leder i ben och vingar, ofruktbara \u00e4gg, ibland vrider de huvudet \u00e5t sidan, ungduvesjuka, pl\u00f6tslig d\u00f6d.<\/div>\n<h6>Dosering :<\/h6>\n<div><i>GENERAL CARE PULVER<\/i><br \/>\nF\u00f6rebyggande: 1 m\u00e5ttsked (=5 g) per 2 liter dricksvatten under 1 eller 2 dagar varannan vecka, helst med start dagen efter t\u00e4vling.<\/div>\n<div>Som behandling: 1 m\u00e5ttsked (=5 g) per 2 liter dricksvatten under 5\u20137 p\u00e5 varandra f\u00f6ljande dagar.<\/div>\n<div>Behandlingen kan upprepas vid behov efter n\u00e5gra dagar. R\u00f6r om v\u00e4l f\u00f6re anv\u00e4ndning!<\/div>\n<div>General Care \u00e4r ett vattenl\u00f6sligt pulver som \u00e4ven kan ges \u00f6ver fodret.<\/div>\n<div>\n<p>M\u00e5ttsked 1+5 g ing\u00e5r.<\/p>\n<p><i>GENERAL CARE TABLETTER<\/i><br \/>\nF\u00f6rebyggande: 1 tablett per duva (400\u2013500 g kroppsvikt) i 1\u20132 dagar i f\u00f6ljd.<br \/>\nBehandling: 1 tablett per duva (400\u2013500 g kroppsvikt) i 3\u20135 dagar i f\u00f6ljd, eller enligt veterin\u00e4rens ordination.<\/p>\n<\/div>\n<h6>Inneh\u00e5ller :<\/h6>\n<div><i>GENERAL CARE PULVER<\/i><br \/>\nFuraltadon HCl 12 %, Metronidazol 20 %, Klorotetracyklin HCl 10 %, inaktiva ingredienser upp till 100 g.<i>GENERAL CARE TABLETTER<\/i><br \/>\nFuraltadon HCl 75 mg\/g ; Ronidazol 25 mg\/g<\/div>\n","protected":false},"excerpt":{"rendered":"<p>Indikation: Canker (trichomonasinfektion, hexamitiasis), paratyfus, E. coli och bakteriella infektioner i allm\u00e4nhet. Symtom : Viktnedg\u00e5ng och f\u00f6rs\u00e4mrat allm\u00e4ntillst\u00e5nd, slemmig och gr\u00f6n avf\u00f6ring,&hellip;<\/p>\n","protected":false},"featured_media":15240,"template":"","meta":[],"product_cat":[328],"product_tag":[],"class_list":{"0":"post-15614","1":"product","2":"type-product","3":"status-publish","4":"has-post-thumbnail","6":"product_cat-lakemedel-for-duvor","8":"first","9":"instock","10":"shipping-taxable","11":"product-type-simple"},"_links":{"self":[{"href":"https:\/\/care4bird.nl\/sv\/wp-json\/wp\/v2\/product\/15614","targetHints":{"allow":["GET"]}}],"collection":[{"href":"https:\/\/care4bird.nl\/sv\/wp-json\/wp\/v2\/product"}],"about":[{"href":"https:\/\/care4bird.nl\/sv\/wp-json\/wp\/v2\/types\/product"}],"wp:featuredmedia":[{"embeddable":true,"href":"https:\/\/care4bird.nl\/sv\/wp-json\/wp\/v2\/media\/15240"}],"wp:attachment":[{"href":"https:\/\/care4bird.nl\/sv\/wp-json\/wp\/v2\/media?parent=15614"}],"wp:term":[{"taxonomy":"product_cat","embeddable":true,"href":"https:\/\/care4bird.nl\/sv\/wp-json\/wp\/v2\/product_cat?post=15614"},{"taxonomy":"product_tag","embeddable":true,"href":"https:\/\/care4bird.nl\/sv\/wp-json\/wp\/v2\/product_tag?post=15614"}],"curies":[{"name":"wp","href":"https:\/\/api.w.org\/{rel}","templated":true}]}}