{"id":15620,"date":"2025-11-03T10:49:37","date_gmt":"2025-11-03T10:49:37","guid":{"rendered":"https:\/\/care4bird.nl\/product\/coli-stop\/"},"modified":"2026-04-17T07:02:23","modified_gmt":"2026-04-17T07:02:23","slug":"coli-stop","status":"publish","type":"product","link":"https:\/\/care4bird.nl\/sv\/produkt\/coli-stop\/","title":{"rendered":"Coli Stop"},"content":{"rendered":"<h6>Indikation:<\/h6>\n<div>E. coli, paratyfus, Streptococcus, Staphylococcus och bakteriella infektioner i allm\u00e4nhet.<\/div>\n<h6>Symtom :<\/h6>\n<div>Aptitl\u00f6shet, l\u00e5ngsam t\u00f6mning av kr\u00e4van, viktf\u00f6rlust, kr\u00e4kningar, brun-gr\u00f6n vattnig eller slemmig avf\u00f6ring, pl\u00f6tslig d\u00f6d.<\/div>\n<h6>Dosering :<\/h6>\n<div><i>COLI STOP PULVER :<\/i><br \/>\nF\u00f6rebyggande: 1 m\u00e5ttsked (=5 g) per 2 liter dricksvatten under 1 eller 2 dagar varannan vecka,<\/div>\n<div>helst med start dagen efter t\u00e4vling.<\/div>\n<div>Som behandling: 1 m\u00e5ttsked (=5 g) per 2 liter dricksvatten under 5\u20137 p\u00e5 varandra f\u00f6ljande dagar.<\/div>\n<div>Behandlingen kan upprepas vid behov efter n\u00e5gra dagar.<\/div>\n<div>Coli Stop \u00e4r ett vattenl\u00f6sligt pulver som \u00e4ven kan ges \u00f6ver fodret.<\/div>\n<div>\n<p>M\u00e5ttsked 1+5 g ing\u00e5r.<\/p>\n<p><i>COLI STOP TABLETTER :<\/i><br \/>\nF\u00f6rebyggande: 1 tablett per duva (400\u2013500 g kroppsvikt) i 1\u20132 dagar i f\u00f6ljd.<br \/>\nBehandling: 1 tablett per duva (400\u2013500 g kroppsvikt) i 3\u20135 dagar i f\u00f6ljd, eller enligt veterin\u00e4rens ordination.<\/p>\n<\/div>\n<h6>Inneh\u00e5ller:<\/h6>\n<p><i>COLI STOP PULVER :<\/i><br \/>\nStreptomycinsulfat 13,9 %, neomycinsulfat 4 %, kolistinsulfat 2 %. Inaktiva ingredienser upp till 100 g.<\/p>\n<p><i>COLI STOP TABLETTER<\/i><br \/>\nNeomycinsulfat 5,0 mg\/g ; Streptomycinsulfat 17,4 mg\/g ; Kolistinsulfat 2,5 mg\/g<\/p>\n","protected":false},"excerpt":{"rendered":"<p>Indikation: E. coli, paratyfus, Streptococcus, Staphylococcus och bakteriella infektioner i allm\u00e4nhet. Symtom : Aptitl\u00f6shet, l\u00e5ngsam t\u00f6mning av kr\u00e4van, viktf\u00f6rlust, kr\u00e4kningar, brun-gr\u00f6n vattnig&hellip;<\/p>\n","protected":false},"featured_media":15241,"template":"","meta":[],"product_cat":[328],"product_tag":[],"class_list":{"0":"post-15620","1":"product","2":"type-product","3":"status-publish","4":"has-post-thumbnail","6":"product_cat-lakemedel-for-duvor","8":"first","9":"instock","10":"shipping-taxable","11":"product-type-simple"},"_links":{"self":[{"href":"https:\/\/care4bird.nl\/sv\/wp-json\/wp\/v2\/product\/15620","targetHints":{"allow":["GET"]}}],"collection":[{"href":"https:\/\/care4bird.nl\/sv\/wp-json\/wp\/v2\/product"}],"about":[{"href":"https:\/\/care4bird.nl\/sv\/wp-json\/wp\/v2\/types\/product"}],"wp:featuredmedia":[{"embeddable":true,"href":"https:\/\/care4bird.nl\/sv\/wp-json\/wp\/v2\/media\/15241"}],"wp:attachment":[{"href":"https:\/\/care4bird.nl\/sv\/wp-json\/wp\/v2\/media?parent=15620"}],"wp:term":[{"taxonomy":"product_cat","embeddable":true,"href":"https:\/\/care4bird.nl\/sv\/wp-json\/wp\/v2\/product_cat?post=15620"},{"taxonomy":"product_tag","embeddable":true,"href":"https:\/\/care4bird.nl\/sv\/wp-json\/wp\/v2\/product_tag?post=15620"}],"curies":[{"name":"wp","href":"https:\/\/api.w.org\/{rel}","templated":true}]}}