{"id":15630,"date":"2025-11-03T10:49:34","date_gmt":"2025-11-03T10:49:34","guid":{"rendered":"https:\/\/care4bird.nl\/product\/eye-cream\/"},"modified":"2026-04-17T07:07:27","modified_gmt":"2026-04-17T07:07:27","slug":"eye-cream","status":"publish","type":"product","link":"https:\/\/care4bird.nl\/sv\/produkt\/eye-cream\/","title":{"rendered":"Eye cream"},"content":{"rendered":"<div>\n<h6>Indikation<\/h6>\n<\/div>\n<div>alla typer av infektioner; \u00f6gon- eller \u00f6ronsjukdomar komplicerade av allergiska reaktioner.<\/div>\n<h6>Dosering<\/h6>\n<div>en liten m\u00e4ngd runt \u00f6gat eller \u00f6rat, eller enligt veterin\u00e4rens ordination<\/div>\n<h6>Behandling<\/h6>\n<div>1-2 g\u00e5nger dagligen tills f\u00f6rb\u00e4ttring ses, eller enligt veterin\u00e4rens ordination<\/div>\n<h6><b>PRODUKTEN INNEH\u00c5LLER STEROIDER, ANV\u00c4ND INTE F\u00d6RE T\u00c4VLING.<\/b><\/h6>\n<h6>Formel<\/h6>\n<div>Inneh\u00e5ller: Oxytetracyklin HCl 5,4 mg\/g, Polymyxin B-sulfat 1,27 mg\/g,<\/div>\n<div>Hydrokortison mikroniserad 1,5 mg\/g (levereras i 5-grams tub)<\/div>\n<h6>Inneh\u00e5ll :<\/h6>\n<div>5 g veterin\u00e4rmedicin f\u00f6r f\u00e5glar<\/div>\n","protected":false},"excerpt":{"rendered":"<p>Indikation alla typer av infektioner; \u00f6gon- eller \u00f6ronsjukdomar komplicerade av allergiska reaktioner. Dosering en liten m\u00e4ngd runt \u00f6gat eller \u00f6rat, eller enligt&hellip;<\/p>\n","protected":false},"featured_media":15632,"template":"","meta":[],"product_cat":[328],"product_tag":[],"class_list":{"0":"post-15630","1":"product","2":"type-product","3":"status-publish","4":"has-post-thumbnail","6":"product_cat-lakemedel-for-duvor","8":"first","9":"instock","10":"shipping-taxable","11":"product-type-simple"},"_links":{"self":[{"href":"https:\/\/care4bird.nl\/sv\/wp-json\/wp\/v2\/product\/15630","targetHints":{"allow":["GET"]}}],"collection":[{"href":"https:\/\/care4bird.nl\/sv\/wp-json\/wp\/v2\/product"}],"about":[{"href":"https:\/\/care4bird.nl\/sv\/wp-json\/wp\/v2\/types\/product"}],"wp:featuredmedia":[{"embeddable":true,"href":"https:\/\/care4bird.nl\/sv\/wp-json\/wp\/v2\/media\/15632"}],"wp:attachment":[{"href":"https:\/\/care4bird.nl\/sv\/wp-json\/wp\/v2\/media?parent=15630"}],"wp:term":[{"taxonomy":"product_cat","embeddable":true,"href":"https:\/\/care4bird.nl\/sv\/wp-json\/wp\/v2\/product_cat?post=15630"},{"taxonomy":"product_tag","embeddable":true,"href":"https:\/\/care4bird.nl\/sv\/wp-json\/wp\/v2\/product_tag?post=15630"}],"curies":[{"name":"wp","href":"https:\/\/api.w.org\/{rel}","templated":true}]}}