{"id":15640,"date":"2025-11-03T10:44:11","date_gmt":"2025-11-03T10:44:11","guid":{"rendered":"https:\/\/care4bird.nl\/product\/endo-ecto-drops\/"},"modified":"2026-04-17T07:09:01","modified_gmt":"2026-04-17T07:09:01","slug":"endo-ecto-drops","status":"publish","type":"product","link":"https:\/\/care4bird.nl\/sv\/produkt\/endo-ecto-drops\/","title":{"rendered":"Endo-ecto drops"},"content":{"rendered":"<h6>Indikation:<\/h6>\n<div>F\u00f6r f\u00f6rebyggande och behandling av l\u00f6ss, kvalster och maskinfestationer.<\/div>\n<h6>KONTRAINDIKATIONER:<\/h6>\n<div>\u00d6verdosering, behandla inte under ruggning och f\u00e5glar yngre \u00e4n 14 dagar.<\/div>\n<h6>INTERAKTIONER:<\/h6>\n<div>Vid denna dosering inga k\u00e4nda<\/div>\n<h6>SAMMANS\u00c4TTNING:<\/h6>\n<div>Ivermektin 0,3 %, inaktiva ingredienser q.s.<\/div>\n<div>upp till 10 ml.<\/div>\n<h6>INNEH\u00c5LL:<\/h6>\n<div>10 ml v\u00e4tska f\u00f6r lokal behandling (droppflaska) av duvor och f\u00e5glar fr\u00e5n 250 upp till 3000 gram kroppsvikt.<\/div>\n<h6>Dosering:<\/h6>\n<div>P\u00e5 nacken, p\u00e5 bar hud: 1 droppe per 200 g kroppsvikt, 2 droppar per 500 g kroppsvikt<\/div>\n<div>Upprepa vid behov behandlingen efter 4\u20136 veckor eller enligt veterin\u00e4rens ordination.<\/div>\n<div>Dos f\u00f6r badvatten: 40 droppar per 10 liter badvatten.<\/div>\n","protected":false},"excerpt":{"rendered":"<p>Indikation: F\u00f6r f\u00f6rebyggande och behandling av l\u00f6ss, kvalster och maskinfestationer. KONTRAINDIKATIONER: \u00d6verdosering, behandla inte under ruggning och f\u00e5glar yngre \u00e4n 14 dagar.&hellip;<\/p>\n","protected":false},"featured_media":15642,"template":"","meta":[],"product_cat":[328],"product_tag":[],"class_list":{"0":"post-15640","1":"product","2":"type-product","3":"status-publish","4":"has-post-thumbnail","6":"product_cat-lakemedel-for-duvor","8":"first","9":"instock","10":"shipping-taxable","11":"product-type-simple"},"_links":{"self":[{"href":"https:\/\/care4bird.nl\/sv\/wp-json\/wp\/v2\/product\/15640","targetHints":{"allow":["GET"]}}],"collection":[{"href":"https:\/\/care4bird.nl\/sv\/wp-json\/wp\/v2\/product"}],"about":[{"href":"https:\/\/care4bird.nl\/sv\/wp-json\/wp\/v2\/types\/product"}],"wp:featuredmedia":[{"embeddable":true,"href":"https:\/\/care4bird.nl\/sv\/wp-json\/wp\/v2\/media\/15642"}],"wp:attachment":[{"href":"https:\/\/care4bird.nl\/sv\/wp-json\/wp\/v2\/media?parent=15640"}],"wp:term":[{"taxonomy":"product_cat","embeddable":true,"href":"https:\/\/care4bird.nl\/sv\/wp-json\/wp\/v2\/product_cat?post=15640"},{"taxonomy":"product_tag","embeddable":true,"href":"https:\/\/care4bird.nl\/sv\/wp-json\/wp\/v2\/product_tag?post=15640"}],"curies":[{"name":"wp","href":"https:\/\/api.w.org\/{rel}","templated":true}]}}