{"id":15647,"date":"2025-11-03T10:20:24","date_gmt":"2025-11-03T10:20:24","guid":{"rendered":"https:\/\/care4bird.nl\/product\/salmo-stop\/"},"modified":"2026-04-17T07:10:04","modified_gmt":"2026-04-17T07:10:04","slug":"salmo-stop","status":"publish","type":"product","link":"https:\/\/care4bird.nl\/sv\/produkt\/salmo-stop\/","title":{"rendered":"Salmo Stop"},"content":{"rendered":"<div>\n<h6>Indikation:<\/h6>\n<p>Salmonella (paratyfus), E. coli och bakteriella infektioner.<\/p>\n<\/div>\n<h6>Symtom :<\/h6>\n<div>Diarr\u00e9 (gr\u00f6n diarr\u00e9 och vissa f\u00e5glar kr\u00e4ks), l\u00e5ngsam t\u00f6mning av kr\u00e4van, infekti\u00f6s artrit (h\u00e4lta eller h\u00e4ngande vinge), subkutana abscesser (vanligen under \u00f6gat som en liten svullnad med h\u00e5rd, gul och torr var), infertilitet, pl\u00f6tslig d\u00f6d<\/div>\n<h6>Dosering :<\/h6>\n<div><i>SALMO STOP PULVER<\/i><br \/>\nF\u00f6rebyggande: 1 m\u00e5ttsked (=5 g) per 2 liter dricksvatten under 1 eller 2 dagar varannan vecka, helst<\/div>\n<div>med start dagen efter t\u00e4vling.<\/div>\n<div>Som behandling: 1 m\u00e5ttsked (=5 g) per 2 liter dricksvatten under 5\u20137 p\u00e5 varandra f\u00f6ljande dagar.<\/div>\n<div>Behandlingen kan upprepas vid behov efter n\u00e5gra dagar. R\u00f6r om v\u00e4l f\u00f6re anv\u00e4ndning!<\/div>\n<div>Salmo Stop \u00e4r ett vattenl\u00f6sligt pulver som \u00e4ven kan ges \u00f6ver fodret.<\/div>\n<div>\n<p>M\u00e5ttsked 1+5 g ing\u00e5r.<\/p>\n<p><i>SALMO STOP TABLETTER<\/i><br \/>\nF\u00f6rebyggande: 1 tablett per duva (400\u2013500 g kroppsvikt) i 1\u20132 dagar i f\u00f6ljd.<br \/>\nBehandling: 1 tablett per duva (400\u2013500 g kroppsvikt) i 3\u20135 dagar i f\u00f6ljd, eller enligt veterin\u00e4rens ordination.<\/p>\n<\/div>\n<h6>Inneh\u00e5ller :<\/h6>\n<div><i>SALMO STOP PULVER<\/i><br \/>\nFuraltadon HCl 12,5 %, Klorotetracyklin HCl 12,5 %, Kloramfenikol 8 %. Inaktiva ingredienser upp till 100 g<br \/>\n<i>SALMO STOP TABLETTER<\/i><br \/>\nKlorotetracyklin HCl 78 mg\/g ; Furaltadon HCl 80 mg\/g ; Kloramfenikol 50 mg\/g ;\n<\/div>\n","protected":false},"excerpt":{"rendered":"<p>Indikation: Salmonella (paratyfus), E. coli och bakteriella infektioner. Symtom : Diarr\u00e9 (gr\u00f6n diarr\u00e9 och vissa f\u00e5glar kr\u00e4ks), l\u00e5ngsam t\u00f6mning av kr\u00e4van, infekti\u00f6s&hellip;<\/p>\n","protected":false},"featured_media":15648,"template":"","meta":[],"product_cat":[328],"product_tag":[],"class_list":{"0":"post-15647","1":"product","2":"type-product","3":"status-publish","4":"has-post-thumbnail","6":"product_cat-lakemedel-for-duvor","8":"first","9":"instock","10":"shipping-taxable","11":"product-type-simple"},"_links":{"self":[{"href":"https:\/\/care4bird.nl\/sv\/wp-json\/wp\/v2\/product\/15647","targetHints":{"allow":["GET"]}}],"collection":[{"href":"https:\/\/care4bird.nl\/sv\/wp-json\/wp\/v2\/product"}],"about":[{"href":"https:\/\/care4bird.nl\/sv\/wp-json\/wp\/v2\/types\/product"}],"wp:featuredmedia":[{"embeddable":true,"href":"https:\/\/care4bird.nl\/sv\/wp-json\/wp\/v2\/media\/15648"}],"wp:attachment":[{"href":"https:\/\/care4bird.nl\/sv\/wp-json\/wp\/v2\/media?parent=15647"}],"wp:term":[{"taxonomy":"product_cat","embeddable":true,"href":"https:\/\/care4bird.nl\/sv\/wp-json\/wp\/v2\/product_cat?post=15647"},{"taxonomy":"product_tag","embeddable":true,"href":"https:\/\/care4bird.nl\/sv\/wp-json\/wp\/v2\/product_tag?post=15647"}],"curies":[{"name":"wp","href":"https:\/\/api.w.org\/{rel}","templated":true}]}}